{"id":17658,"date":"2026-04-14T23:13:11","date_gmt":"2026-04-14T23:13:11","guid":{"rendered":"https:\/\/underhaus.com\/producto\/gorilla-rolling-stars-picador-rellenador-de-conos-hs375\/"},"modified":"2026-04-14T23:26:12","modified_gmt":"2026-04-14T23:26:12","slug":"gorilla-rolling-stars-picador-rellenador-de-conos-hs375","status":"publish","type":"product","link":"https:\/\/underhaus.com\/en\/product\/gorilla-rolling-stars-picador-rellenador-de-conos-hs375\/","title":{"rendered":"Gorilla Rolling Stars Picador Rellenador de Conos HS375"},"content":{"rendered":"<p>El <strong>Grinder con Rellenador de Conos<\/strong> se convertir\u00e1 en tu <strong>aliado perfecto<\/strong> a la hora de <strong>triturar tus hierbas<\/strong> y <strong>liar tus conos<\/strong>, ya que podr\u00e1s <strong>realizar&nbsp;ambas tareas<\/strong>&nbsp;en un <strong>tiempo r\u00e9cord<\/strong>. Gracias a su <strong>dise\u00f1o intuitivo y eficiente<\/strong>, ahorrar\u00e1s <strong>tiempo y esfuerzo<\/strong>, mientras que su <strong>estructura por piezas<\/strong> facilita al m\u00e1ximo su <strong>limpieza y transporte.<\/strong><\/p>","protected":false},"excerpt":{"rendered":"<p>El Grinder con Rellenador de Conos se convertir\u00e1 en tu aliado perfecto a la hora de triturar tus hierbas y liar tus conos, ya que podr\u00e1s realizar&nbsp;ambas tareas&nbsp;en un tiempo r\u00e9cord. Gracias a su dise\u00f1o intuitivo y eficiente, ahorrar\u00e1s tiempo y esfuerzo, mientras que su estructura por piezas facilita al m\u00e1ximo su limpieza y transporte.<\/p>","protected":false},"featured_media":17656,"template":"","meta":[],"product_brand":[],"product_cat":[204],"product_tag":[],"class_list":{"0":"post-17658","1":"product","2":"type-product","3":"status-publish","4":"has-post-thumbnail","6":"product_cat-grinders","8":"first","9":"instock","10":"shipping-taxable","11":"purchasable","12":"product-type-simple"},"aioseo_notices":[],"jetpack_sharing_enabled":true,"_links":{"self":[{"href":"https:\/\/underhaus.com\/en\/wp-json\/wp\/v2\/product\/17658","targetHints":{"allow":["GET"]}}],"collection":[{"href":"https:\/\/underhaus.com\/en\/wp-json\/wp\/v2\/product"}],"about":[{"href":"https:\/\/underhaus.com\/en\/wp-json\/wp\/v2\/types\/product"}],"wp:featuredmedia":[{"embeddable":true,"href":"https:\/\/underhaus.com\/en\/wp-json\/wp\/v2\/media\/17656"}],"wp:attachment":[{"href":"https:\/\/underhaus.com\/en\/wp-json\/wp\/v2\/media?parent=17658"}],"wp:term":[{"taxonomy":"product_brand","embeddable":true,"href":"https:\/\/underhaus.com\/en\/wp-json\/wp\/v2\/product_brand?post=17658"},{"taxonomy":"product_cat","embeddable":true,"href":"https:\/\/underhaus.com\/en\/wp-json\/wp\/v2\/product_cat?post=17658"},{"taxonomy":"product_tag","embeddable":true,"href":"https:\/\/underhaus.com\/en\/wp-json\/wp\/v2\/product_tag?post=17658"}],"curies":[{"name":"wp","href":"https:\/\/api.w.org\/{rel}","templated":true}]}}