{"id":17643,"date":"2026-04-14T22:28:04","date_gmt":"2026-04-14T22:28:04","guid":{"rendered":"https:\/\/underhaus.com\/producto\/puffco-proxy-new-bluethooth\/"},"modified":"2026-04-29T00:00:11","modified_gmt":"2026-04-29T00:00:11","slug":"puffco-proxy-new-bluethooth","status":"publish","type":"product","link":"https:\/\/underhaus.com\/en\/product\/puffco-proxy-new-bluethooth\/","title":{"rendered":"Puffco Proxy New Bluethooth"},"content":{"rendered":"<p><span>El nuevo vaporizador Puffco Proxy es un elegante dispositivo modular para concentrados, dise\u00f1ado para sesiones r\u00e1pidas y sabrosas. Su c\u00e1mara 3D m\u00e1s profunda derrite los extractos de manera uniforme para caladas m\u00e1s grandes y limpias. La conectividad Bluetooth con la aplicaci\u00f3n Puffco permite un control preciso de la temperatura y la sesi\u00f3n. Sigue siendo compatible con los accesorios de vidrio Proxy existentes y se carga mediante USB-C.<\/span><\/p>\n<h2>caracter\u00edsticas:<\/h2>\n<ul>\n<li>C\u00e1mara 3D mejorada y m\u00e1s profunda<\/li>\n<li>Cuatro niveles de calor codificados por colores<\/li>\n<li>Bluetooth con la aplicaci\u00f3n Puffco<\/li>\n<li>Establecer temperatura y duraci\u00f3n<\/li>\n<li>Control del nivel de vapor y de la iluminaci\u00f3n<\/li>\n<li>Guardar perfiles de calor personalizados<\/li>\n<li>Compatible con Proxy glass<\/li>\n<li>Mayor duraci\u00f3n de la bater\u00eda<\/li>\n<li>Hasta 15 sesiones<\/li>\n<li>USB-C, aproximadamente 2 horas de carga<\/li>\n<li>Rutina de concentrado de carga en fr\u00edo<\/li>\n<li>Menos salpicaduras, taz\u00f3n m\u00e1s limpio<\/li>\n<li>Control con un solo bot\u00f3n y respuesta h\u00e1ptica.<\/li>\n<li>Dise\u00f1ado para resina y cera.<\/li>\n<\/ul>","protected":false},"excerpt":{"rendered":"<p>El nuevo vaporizador Puffco Proxy es un elegante dispositivo modular para concentrados, dise\u00f1ado para sesiones r\u00e1pidas y sabrosas. Su c\u00e1mara 3D m\u00e1s profunda derrite los extractos de manera uniforme para caladas m\u00e1s grandes y limpias. La conectividad Bluetooth con la aplicaci\u00f3n Puffco permite un control preciso de la temperatura y la sesi\u00f3n. Sigue siendo compatible [&hellip;]<\/p>\n","protected":false},"featured_media":17642,"template":"","meta":[],"product_brand":[],"product_cat":[220],"product_tag":[],"class_list":{"0":"post-17643","1":"product","2":"type-product","3":"status-publish","4":"has-post-thumbnail","6":"product_cat-vaporizadores","8":"first","9":"instock","10":"shipping-taxable","11":"purchasable","12":"product-type-simple"},"aioseo_notices":[],"jetpack_sharing_enabled":true,"_links":{"self":[{"href":"https:\/\/underhaus.com\/en\/wp-json\/wp\/v2\/product\/17643","targetHints":{"allow":["GET"]}}],"collection":[{"href":"https:\/\/underhaus.com\/en\/wp-json\/wp\/v2\/product"}],"about":[{"href":"https:\/\/underhaus.com\/en\/wp-json\/wp\/v2\/types\/product"}],"wp:featuredmedia":[{"embeddable":true,"href":"https:\/\/underhaus.com\/en\/wp-json\/wp\/v2\/media\/17642"}],"wp:attachment":[{"href":"https:\/\/underhaus.com\/en\/wp-json\/wp\/v2\/media?parent=17643"}],"wp:term":[{"taxonomy":"product_brand","embeddable":true,"href":"https:\/\/underhaus.com\/en\/wp-json\/wp\/v2\/product_brand?post=17643"},{"taxonomy":"product_cat","embeddable":true,"href":"https:\/\/underhaus.com\/en\/wp-json\/wp\/v2\/product_cat?post=17643"},{"taxonomy":"product_tag","embeddable":true,"href":"https:\/\/underhaus.com\/en\/wp-json\/wp\/v2\/product_tag?post=17643"}],"curies":[{"name":"wp","href":"https:\/\/api.w.org\/{rel}","templated":true}]}}