{"id":17636,"date":"2026-04-14T20:27:55","date_gmt":"2026-04-14T20:27:55","guid":{"rendered":"https:\/\/underhaus.com\/producto\/bong-rm-15-cm-hs439\/"},"modified":"2026-04-14T20:41:13","modified_gmt":"2026-04-14T20:41:13","slug":"bong-rm-15-cm-hs439","status":"publish","type":"product","link":"https:\/\/underhaus.com\/en\/product\/bong-rm-15-cm-hs439\/","title":{"rendered":"Bong RM 15 cm HS439"},"content":{"rendered":"","protected":false},"excerpt":{"rendered":"<p>Bong 15cm<br \/>\nVidrio<br \/>\nes bong para hielo es un dispositivo para fumar que est\u00e1 dise\u00f1ado para enfriar el humo antes de inhalarlo. Tiene una c\u00e1mara especial donde se pueden colocar cubos de hielo, lo que hace que el humo pase por el hielo, enfri\u00e1ndose y proporcionando una experiencia m\u00e1s suave y menos irritante para la garganta y los pulmones.<\/p>","protected":false},"featured_media":17635,"template":"","meta":[],"product_brand":[],"product_cat":[219],"product_tag":[],"class_list":{"0":"post-17636","1":"product","2":"type-product","3":"status-publish","4":"has-post-thumbnail","6":"product_cat-bongs","8":"first","9":"instock","10":"shipping-taxable","11":"purchasable","12":"product-type-simple"},"aioseo_notices":[],"jetpack_sharing_enabled":true,"_links":{"self":[{"href":"https:\/\/underhaus.com\/en\/wp-json\/wp\/v2\/product\/17636","targetHints":{"allow":["GET"]}}],"collection":[{"href":"https:\/\/underhaus.com\/en\/wp-json\/wp\/v2\/product"}],"about":[{"href":"https:\/\/underhaus.com\/en\/wp-json\/wp\/v2\/types\/product"}],"wp:featuredmedia":[{"embeddable":true,"href":"https:\/\/underhaus.com\/en\/wp-json\/wp\/v2\/media\/17635"}],"wp:attachment":[{"href":"https:\/\/underhaus.com\/en\/wp-json\/wp\/v2\/media?parent=17636"}],"wp:term":[{"taxonomy":"product_brand","embeddable":true,"href":"https:\/\/underhaus.com\/en\/wp-json\/wp\/v2\/product_brand?post=17636"},{"taxonomy":"product_cat","embeddable":true,"href":"https:\/\/underhaus.com\/en\/wp-json\/wp\/v2\/product_cat?post=17636"},{"taxonomy":"product_tag","embeddable":true,"href":"https:\/\/underhaus.com\/en\/wp-json\/wp\/v2\/product_tag?post=17636"}],"curies":[{"name":"wp","href":"https:\/\/api.w.org\/{rel}","templated":true}]}}