{"id":17621,"date":"2026-04-11T17:12:09","date_gmt":"2026-04-11T17:12:09","guid":{"rendered":"https:\/\/underhaus.com\/producto\/pax-plus-limited-edition-dry-herb-vaporizer\/"},"modified":"2026-04-14T22:43:00","modified_gmt":"2026-04-14T22:43:00","slug":"pax-plus-limited-edition-dry-herb-vaporizer","status":"publish","type":"product","link":"https:\/\/underhaus.com\/en\/product\/pax-plus-limited-edition-dry-herb-vaporizer\/","title":{"rendered":"Pax Plus Limited Edition Dry Herb Vaporizer"},"content":{"rendered":"<p style=\"margin-left:0px\">PAX Flow \u2013 Potencia y precisi\u00f3n<\/p>\n<p style=\"margin-left:0px\">Dise\u00f1ado para usuarios exigentes, el PAX Flow redefine los est\u00e1ndares de los vaporizadores port\u00e1tiles. Gracias a su flujo de aire optimizado y a su tecnolog\u00eda de calentamiento h\u00edbrido de \u00faltima generaci\u00f3n , ofrece un vapor m\u00e1s denso, sabroso y potente que cualquier modelo PAX anterior.<\/p>\n<p style=\"margin-left:0px\">Trayectoria de aire agrandada<\/p>\n<p style=\"margin-left:0px\">Gracias a un dise\u00f1o completamente nuevo, el PAX FLOW ofrece hasta seis veces m\u00e1s capacidad de succi\u00f3n que los modelos anteriores. Este flujo de aire optimizado intensifica los aromas y la potencia de las hierbas, para una experiencia m\u00e1s rica y expresiva.<\/p>\n<p style=\"margin-left:0px\">Sistema de calefacci\u00f3n h\u00edbrido<\/p>\n<p style=\"margin-left:0px\">El PAX FLOW incorpora un sistema de calentamiento h\u00edbrido completamente redise\u00f1ado que combina conducci\u00f3n y convecci\u00f3n. Este horno de nueva generaci\u00f3n se adapta inteligentemente a tu forma de llenar la c\u00e1mara y a tu estilo de vapeo.<\/p>\n<p style=\"margin-left:0px\">C\u00e1mara de acero inoxidable<\/p>\n<p style=\"margin-left:0px\">La c\u00e1mara del PAX FLOW tiene capacidad para 0,3 g de hierbas finamente molidas, ideal para sesiones prolongadas o para compartir con amigos. Dise\u00f1ado exclusivamente para hierbas, ofrece los mejores resultados cuando est\u00e1 bien lleno, sin sobrecargarlo.<\/p>\n<p style=\"margin-left:0px\">5 modos de calentamiento<\/p>\n<p style=\"margin-left:0px\">Elige entre cinco modos de calentamiento intuitivos, dise\u00f1ados para adaptarse a tu estilo. Gracias a un sistema patentado de regulaci\u00f3n t\u00e9rmica en tiempo real, cada sesi\u00f3n se ajusta con precisi\u00f3n para ofrecer el mejor equilibrio entre sabor, densidad y eficiencia.<\/p>\n<p style=\"margin-left:0px\">Cambia de un modo a otro pulsando el bot\u00f3n de encendido. El nuevo modo se activa autom\u00e1ticamente despu\u00e9s de 3 segundos o inmediatamente si agitas el dispositivo. Los p\u00e9talos LED indican claramente el modo seleccionado, para una lectura intuitiva en todo momento.<\/p>\n<p style=\"margin-left:0px\">Para activar el modo Bong , despl\u00e1cese dos veces por los cinco modos de temperatura: los LED mostrar\u00e1n p\u00e9talos multicolores, lo que indica que el modo est\u00e1 listo para bocanadas potentes.<\/p>\n<p style=\"margin-left:0px\">Horno ergon\u00f3mico<\/p>\n<p style=\"margin-left:0px\">El horno lateral del PAX FLOW se desmonta por completo para un llenado r\u00e1pido y sin complicaciones. Un circuito de aire accesible de extremo a extremo, desde el horno hasta la boquilla, facilita enormemente la limpieza.<\/p>\n<p style=\"margin-left:0px\">Carga r\u00e1pida a trav\u00e9s de USB-C<\/p>\n<p style=\"margin-left:0px\">Gracias a la recarga r\u00e1pida por USB-C, tus PAX FLOW alcanzan el 100 % de su capacidad en menos de 40 minutos. As\u00ed podr\u00e1s retomar tus sesiones de inmediato.<\/p>\n<p style=\"margin-left:0px\">Limpieza y mantenimiento<\/p>\n<p style=\"margin-left:0px\">Limpiar cada 3 a 5 sesiones es suficiente para mantener su PAX FLOW al m\u00e1ximo rendimiento. Su dise\u00f1o de carga lateral facilita el mantenimiento m\u00e1s que nunca.<\/p>\n<p style=\"margin-left:0px\">Retire la tapa magn\u00e9tica para acceder directamente a la c\u00e1mara. Utilice el cepillo incluido o un limpiapipas para eliminar los residuos de hierbas. Para una limpieza a fondo, utilice un bastoncillo de algod\u00f3n humedecido con alcohol isoprop\u00edlico para limpiar eficazmente el horno y el conducto de vapor.<\/p>\n<p style=\"margin-left:0px\">Tenga cuidado de no dejar que ning\u00fan l\u00edquido entre en el puerto de carga, los botones o la cubierta del horno.<\/p>","protected":false},"excerpt":{"rendered":"<p>El PAX FLOW representa la evoluci\u00f3n definitiva de esta experiencia: un vaporizador de hierbas que combina potencia y delicadeza en un formato ultracompacto..<\/p>","protected":false},"featured_media":17644,"template":"","meta":[],"product_brand":[],"product_cat":[220],"product_tag":[],"class_list":{"0":"post-17621","1":"product","2":"type-product","3":"status-publish","4":"has-post-thumbnail","6":"product_cat-vaporizadores","8":"first","9":"instock","10":"shipping-taxable","11":"purchasable","12":"product-type-simple"},"aioseo_notices":[],"jetpack_sharing_enabled":true,"_links":{"self":[{"href":"https:\/\/underhaus.com\/en\/wp-json\/wp\/v2\/product\/17621","targetHints":{"allow":["GET"]}}],"collection":[{"href":"https:\/\/underhaus.com\/en\/wp-json\/wp\/v2\/product"}],"about":[{"href":"https:\/\/underhaus.com\/en\/wp-json\/wp\/v2\/types\/product"}],"wp:featuredmedia":[{"embeddable":true,"href":"https:\/\/underhaus.com\/en\/wp-json\/wp\/v2\/media\/17644"}],"wp:attachment":[{"href":"https:\/\/underhaus.com\/en\/wp-json\/wp\/v2\/media?parent=17621"}],"wp:term":[{"taxonomy":"product_brand","embeddable":true,"href":"https:\/\/underhaus.com\/en\/wp-json\/wp\/v2\/product_brand?post=17621"},{"taxonomy":"product_cat","embeddable":true,"href":"https:\/\/underhaus.com\/en\/wp-json\/wp\/v2\/product_cat?post=17621"},{"taxonomy":"product_tag","embeddable":true,"href":"https:\/\/underhaus.com\/en\/wp-json\/wp\/v2\/product_tag?post=17621"}],"curies":[{"name":"wp","href":"https:\/\/api.w.org\/{rel}","templated":true}]}}