{"id":17613,"date":"2026-04-07T22:57:18","date_gmt":"2026-04-07T22:57:18","guid":{"rendered":"https:\/\/underhaus.com\/producto\/puffco-heated-loading-tool\/"},"modified":"2026-04-14T19:56:18","modified_gmt":"2026-04-14T19:56:18","slug":"puffco-heated-loading-tool","status":"publish","type":"product","link":"https:\/\/underhaus.com\/en\/product\/puffco-heated-loading-tool\/","title":{"rendered":"Puffco Heated Loading Tool"},"content":{"rendered":"<p><span>El nuevo Hot Knife lleva nuestra revolucionaria herramienta de carga con calor a un nuevo nivel. Un cuerpo mejorado con una conexi\u00f3n de tapa m\u00e1s segura y f\u00e1cil de transportar. Una punta de cer\u00e1mica redise\u00f1ada y esmaltada para dejar m\u00e1s hach\u00eds en la c\u00e1mara. Adem\u00e1s, un bot\u00f3n redise\u00f1ado con funciones ampliadas.<\/span><\/p>","protected":false},"excerpt":{"rendered":"<p>El Puffco Tool es b\u00e1sicamente un cuchillo el\u00e9ctrico para dabs, pensado para quienes usan concentrados y quieren una experiencia m\u00e1s limpia y pr\u00e1ctica. Si trabajas con extractos pegajosos, este accesorio elimina la molestia de herramientas sucias y residuos.<\/p>","protected":false},"featured_media":17628,"template":"","meta":[],"product_brand":[],"product_cat":[220],"product_tag":[],"class_list":{"0":"post-17613","1":"product","2":"type-product","3":"status-publish","4":"has-post-thumbnail","6":"product_cat-vaporizadores","8":"first","9":"instock","10":"shipping-taxable","11":"purchasable","12":"product-type-simple"},"aioseo_notices":[],"jetpack_sharing_enabled":true,"_links":{"self":[{"href":"https:\/\/underhaus.com\/en\/wp-json\/wp\/v2\/product\/17613","targetHints":{"allow":["GET"]}}],"collection":[{"href":"https:\/\/underhaus.com\/en\/wp-json\/wp\/v2\/product"}],"about":[{"href":"https:\/\/underhaus.com\/en\/wp-json\/wp\/v2\/types\/product"}],"wp:featuredmedia":[{"embeddable":true,"href":"https:\/\/underhaus.com\/en\/wp-json\/wp\/v2\/media\/17628"}],"wp:attachment":[{"href":"https:\/\/underhaus.com\/en\/wp-json\/wp\/v2\/media?parent=17613"}],"wp:term":[{"taxonomy":"product_brand","embeddable":true,"href":"https:\/\/underhaus.com\/en\/wp-json\/wp\/v2\/product_brand?post=17613"},{"taxonomy":"product_cat","embeddable":true,"href":"https:\/\/underhaus.com\/en\/wp-json\/wp\/v2\/product_cat?post=17613"},{"taxonomy":"product_tag","embeddable":true,"href":"https:\/\/underhaus.com\/en\/wp-json\/wp\/v2\/product_tag?post=17613"}],"curies":[{"name":"wp","href":"https:\/\/api.w.org\/{rel}","templated":true}]}}