{"id":17576,"date":"2026-04-01T22:27:32","date_gmt":"2026-04-01T22:27:32","guid":{"rendered":"https:\/\/underhaus.com\/producto\/cohiba-10-short\/"},"modified":"2026-04-01T22:42:02","modified_gmt":"2026-04-01T22:42:02","slug":"cohiba-10-short","status":"publish","type":"product","link":"https:\/\/underhaus.com\/en\/product\/cohiba-10-short\/","title":{"rendered":"Cohiba 10 Short"},"content":{"rendered":"<p><span>Esta versi\u00f3n de mini cigarro cubano es para fumadores que disfrutan de los sabores y aromas de la l\u00ednea de producci\u00f3n est\u00e1ndar de Cohiba de manera regular sin tener que tomarse el tiempo para fumar un cubano entero. La mezcla de Cohiba sigue muy presente y satisfar\u00e1 tu urgente necesidad de notas cremosas y correosas.<\/span><\/p>","protected":false},"excerpt":{"rendered":"<p>El Cohiba Club es un puro peque\u00f1o, ideal para una degustaci\u00f3n r\u00e1pida pero con sabor a Cohiba<\/p>","protected":false},"featured_media":17575,"template":"","meta":[],"product_brand":[],"product_cat":[1749],"product_tag":[],"class_list":{"0":"post-17576","1":"product","2":"type-product","3":"status-publish","4":"has-post-thumbnail","6":"product_cat-habanos","8":"first","9":"instock","10":"shipping-taxable","11":"purchasable","12":"product-type-simple"},"aioseo_notices":[],"jetpack_sharing_enabled":true,"_links":{"self":[{"href":"https:\/\/underhaus.com\/en\/wp-json\/wp\/v2\/product\/17576","targetHints":{"allow":["GET"]}}],"collection":[{"href":"https:\/\/underhaus.com\/en\/wp-json\/wp\/v2\/product"}],"about":[{"href":"https:\/\/underhaus.com\/en\/wp-json\/wp\/v2\/types\/product"}],"wp:featuredmedia":[{"embeddable":true,"href":"https:\/\/underhaus.com\/en\/wp-json\/wp\/v2\/media\/17575"}],"wp:attachment":[{"href":"https:\/\/underhaus.com\/en\/wp-json\/wp\/v2\/media?parent=17576"}],"wp:term":[{"taxonomy":"product_brand","embeddable":true,"href":"https:\/\/underhaus.com\/en\/wp-json\/wp\/v2\/product_brand?post=17576"},{"taxonomy":"product_cat","embeddable":true,"href":"https:\/\/underhaus.com\/en\/wp-json\/wp\/v2\/product_cat?post=17576"},{"taxonomy":"product_tag","embeddable":true,"href":"https:\/\/underhaus.com\/en\/wp-json\/wp\/v2\/product_tag?post=17576"}],"curies":[{"name":"wp","href":"https:\/\/api.w.org\/{rel}","templated":true}]}}