{"id":17557,"date":"2026-03-30T12:57:35","date_gmt":"2026-03-30T12:57:35","guid":{"rendered":"https:\/\/underhaus.com\/producto\/guantanamera-puritos-por-unidad\/"},"modified":"2026-04-30T00:00:10","modified_gmt":"2026-04-30T00:00:10","slug":"guantanamera-puritos-por-unidad","status":"publish","type":"product","link":"https:\/\/underhaus.com\/en\/product\/guantanamera-puritos-por-unidad\/","title":{"rendered":"Guantanamera Puritos por Unidad"},"content":{"rendered":"<p><span>Es un puro amaderado y r\u00fastico. Tiene un sabor cl\u00e1sico antiguo con un agradable humo espeso y un acabado picante que no es en absoluto \u00e1spero. Los Puritos son de los m\u00e1s chicos de la familia Guantanamera, pero est\u00e1n llenos del sabor y la cremosidad tradicional en los puros cubanos.<\/span><\/p>","protected":false},"excerpt":{"rendered":"<p>Origen  Cuba<br \/>\nCapa\tTabaco cubano<br \/>\nCapote\tTabaco cubano<br \/>\nTripa\tTabaco cubano<br \/>\nFortaleza\tSuave<br \/>\nLongitud\t105 mm<br \/>\nCepo\t29<br \/>\nPresentaci\u00f3n\t5 unidades<\/p>","protected":false},"featured_media":0,"template":"","meta":[],"product_brand":[],"product_cat":[1749],"product_tag":[],"class_list":{"0":"post-17557","1":"product","2":"type-product","3":"status-publish","5":"product_cat-habanos","7":"first","8":"instock","9":"shipping-taxable","10":"purchasable","11":"product-type-simple"},"aioseo_notices":[],"jetpack_sharing_enabled":true,"_links":{"self":[{"href":"https:\/\/underhaus.com\/en\/wp-json\/wp\/v2\/product\/17557","targetHints":{"allow":["GET"]}}],"collection":[{"href":"https:\/\/underhaus.com\/en\/wp-json\/wp\/v2\/product"}],"about":[{"href":"https:\/\/underhaus.com\/en\/wp-json\/wp\/v2\/types\/product"}],"wp:attachment":[{"href":"https:\/\/underhaus.com\/en\/wp-json\/wp\/v2\/media?parent=17557"}],"wp:term":[{"taxonomy":"product_brand","embeddable":true,"href":"https:\/\/underhaus.com\/en\/wp-json\/wp\/v2\/product_brand?post=17557"},{"taxonomy":"product_cat","embeddable":true,"href":"https:\/\/underhaus.com\/en\/wp-json\/wp\/v2\/product_cat?post=17557"},{"taxonomy":"product_tag","embeddable":true,"href":"https:\/\/underhaus.com\/en\/wp-json\/wp\/v2\/product_tag?post=17557"}],"curies":[{"name":"wp","href":"https:\/\/api.w.org\/{rel}","templated":true}]}}