{"id":17510,"date":"2026-03-05T18:51:39","date_gmt":"2026-03-05T18:51:39","guid":{"rendered":"https:\/\/underhaus.com\/producto\/montecristo-club-10\/"},"modified":"2026-05-03T00:00:16","modified_gmt":"2026-05-03T00:00:16","slug":"montecristo-club-10","status":"publish","type":"product","link":"https:\/\/underhaus.com\/en\/product\/montecristo-club-10\/","title":{"rendered":"Montecristo Club 10"},"content":{"rendered":"<p><span>Los Montecristo Clubs son ideales tanto para el fumador de puros que se inicia como para el m\u00e1s experimentado. El peque\u00f1o cigarro perfecto, disfrutado como aperitivo o como una breve compensaci\u00f3n luego de un d\u00eda de trabajo. Esta es una vitola de la l\u00ednea mecanizada de Montecristo.<\/span><\/p>","protected":false},"excerpt":{"rendered":"<p>Los Montecristo Clubs son ideales tanto para el fumador de puros que se inicia como para el m\u00e1s experimentado. El peque\u00f1o cigarro perfecto, disfrutado como aperitivo o como una breve compensaci\u00f3n luego de un d\u00eda de trabajo. Esta es una vitola de la l\u00ednea mecanizada de Montecristo.<\/p>","protected":false},"featured_media":17508,"template":"","meta":[],"product_brand":[],"product_cat":[1749],"product_tag":[],"class_list":{"0":"post-17510","1":"product","2":"type-product","3":"status-publish","4":"has-post-thumbnail","6":"product_cat-habanos","8":"first","9":"instock","10":"shipping-taxable","11":"purchasable","12":"product-type-simple"},"aioseo_notices":[],"jetpack_sharing_enabled":true,"_links":{"self":[{"href":"https:\/\/underhaus.com\/en\/wp-json\/wp\/v2\/product\/17510","targetHints":{"allow":["GET"]}}],"collection":[{"href":"https:\/\/underhaus.com\/en\/wp-json\/wp\/v2\/product"}],"about":[{"href":"https:\/\/underhaus.com\/en\/wp-json\/wp\/v2\/types\/product"}],"wp:featuredmedia":[{"embeddable":true,"href":"https:\/\/underhaus.com\/en\/wp-json\/wp\/v2\/media\/17508"}],"wp:attachment":[{"href":"https:\/\/underhaus.com\/en\/wp-json\/wp\/v2\/media?parent=17510"}],"wp:term":[{"taxonomy":"product_brand","embeddable":true,"href":"https:\/\/underhaus.com\/en\/wp-json\/wp\/v2\/product_brand?post=17510"},{"taxonomy":"product_cat","embeddable":true,"href":"https:\/\/underhaus.com\/en\/wp-json\/wp\/v2\/product_cat?post=17510"},{"taxonomy":"product_tag","embeddable":true,"href":"https:\/\/underhaus.com\/en\/wp-json\/wp\/v2\/product_tag?post=17510"}],"curies":[{"name":"wp","href":"https:\/\/api.w.org\/{rel}","templated":true}]}}