{"id":17488,"date":"2026-02-26T22:31:48","date_gmt":"2026-02-26T22:31:48","guid":{"rendered":"https:\/\/underhaus.com\/producto\/perfume-lattafa-rave-now-intense-blue-100ml\/"},"modified":"2026-03-03T19:21:14","modified_gmt":"2026-03-03T19:21:14","slug":"perfume-lattafa-rave-now-intense-blue-100ml","status":"publish","type":"product","link":"https:\/\/underhaus.com\/en\/product\/perfume-lattafa-rave-now-intense-blue-100ml\/","title":{"rendered":"Perfume Lattafa Rave Now Intense Blue 100ml"},"content":{"rendered":"<p><span>El perfume Lattafa Rave de la reconocida marca Lattafa es una expresi\u00f3n cautivadora de elegancia y encanto. Con una mezcla cuidadosamente elaborada de notas arom\u00e1ticas, esta fragancia invita a una experiencia sensorial \u00fanica y en\u00e9rgica. Desde sus notas iniciales hasta su duradera estela, Rave cautiva con su car\u00e1cter vibrante y seductor. Este perfume es una declaraci\u00f3n de estilo contempor\u00e1neo y confianza, dise\u00f1ado para aquellos que desean destacar con una fragancia distintiva y memorable.<\/span><\/p>","protected":false},"excerpt":{"rendered":"<p>&#8211; Notas principal: Mandarina, especias, lim\u00f3n.<br \/>\n&#8211; Notas de coraz\u00f3n: \u00c1mbar, chocolates, florales.<br \/>\n&#8211; Notas de base: Madera de cedro, s\u00e1ndalo, pachul\u00ed, haba tonka.<br \/>\n&#8211; Contiene: 100ml.<br \/>\n&#8211; G\u00e9nero: Masculino<\/p>","protected":false},"featured_media":17501,"template":"","meta":[],"product_brand":[],"product_cat":[1686],"product_tag":[],"class_list":{"0":"post-17488","1":"product","2":"type-product","3":"status-publish","4":"has-post-thumbnail","6":"product_cat-cosmetica","8":"first","9":"instock","10":"shipping-taxable","11":"purchasable","12":"product-type-simple"},"aioseo_notices":[],"jetpack_sharing_enabled":true,"_links":{"self":[{"href":"https:\/\/underhaus.com\/en\/wp-json\/wp\/v2\/product\/17488","targetHints":{"allow":["GET"]}}],"collection":[{"href":"https:\/\/underhaus.com\/en\/wp-json\/wp\/v2\/product"}],"about":[{"href":"https:\/\/underhaus.com\/en\/wp-json\/wp\/v2\/types\/product"}],"wp:featuredmedia":[{"embeddable":true,"href":"https:\/\/underhaus.com\/en\/wp-json\/wp\/v2\/media\/17501"}],"wp:attachment":[{"href":"https:\/\/underhaus.com\/en\/wp-json\/wp\/v2\/media?parent=17488"}],"wp:term":[{"taxonomy":"product_brand","embeddable":true,"href":"https:\/\/underhaus.com\/en\/wp-json\/wp\/v2\/product_brand?post=17488"},{"taxonomy":"product_cat","embeddable":true,"href":"https:\/\/underhaus.com\/en\/wp-json\/wp\/v2\/product_cat?post=17488"},{"taxonomy":"product_tag","embeddable":true,"href":"https:\/\/underhaus.com\/en\/wp-json\/wp\/v2\/product_tag?post=17488"}],"curies":[{"name":"wp","href":"https:\/\/api.w.org\/{rel}","templated":true}]}}