{"id":17487,"date":"2026-02-24T20:32:21","date_gmt":"2026-02-24T20:32:21","guid":{"rendered":"https:\/\/underhaus.com\/producto\/encendor-tipo-zippo-kitty\/"},"modified":"2026-04-12T00:00:18","modified_gmt":"2026-04-12T00:00:18","slug":"encendor-tipo-zippo-kitty","status":"publish","type":"product","link":"https:\/\/underhaus.com\/en\/product\/encendor-tipo-zippo-kitty\/","title":{"rendered":"Encendor Tipo Zippo Kitty"},"content":{"rendered":"<ul>\n<li><span style=\"color:var(--__N4QdCheV6mGo,#0f1111)\">Encendedor Zippo resistente al viento con el distintivo \u00abclick\u00bb de Zippo<\/span><\/li>\n<li><span style=\"color:var(--__N4QdCheV6mGo,#0f1111)\">Construcci\u00f3n totalmente met\u00e1lica; dise\u00f1o resistente al viento que funciona pr\u00e1cticamente en cualquier lugar. Recargable para toda una vida de uso.<\/span><\/li>\n<\/ul>","protected":false},"excerpt":{"rendered":"<p>Encendedor Zippo resistente al viento con el distintivo \u00abclick\u00bb de Zippo Construcci\u00f3n totalmente met\u00e1lica; dise\u00f1o resistente al viento que funciona pr\u00e1cticamente en cualquier lugar. Recargable para toda una vida de uso.<\/p>","protected":false},"featured_media":17500,"template":"","meta":[],"product_brand":[],"product_cat":[206],"product_tag":[],"class_list":{"0":"post-17487","1":"product","2":"type-product","3":"status-publish","4":"has-post-thumbnail","6":"product_cat-lighters","8":"first","9":"instock","10":"shipping-taxable","11":"purchasable","12":"product-type-simple"},"aioseo_notices":[],"jetpack_sharing_enabled":true,"_links":{"self":[{"href":"https:\/\/underhaus.com\/en\/wp-json\/wp\/v2\/product\/17487","targetHints":{"allow":["GET"]}}],"collection":[{"href":"https:\/\/underhaus.com\/en\/wp-json\/wp\/v2\/product"}],"about":[{"href":"https:\/\/underhaus.com\/en\/wp-json\/wp\/v2\/types\/product"}],"wp:featuredmedia":[{"embeddable":true,"href":"https:\/\/underhaus.com\/en\/wp-json\/wp\/v2\/media\/17500"}],"wp:attachment":[{"href":"https:\/\/underhaus.com\/en\/wp-json\/wp\/v2\/media?parent=17487"}],"wp:term":[{"taxonomy":"product_brand","embeddable":true,"href":"https:\/\/underhaus.com\/en\/wp-json\/wp\/v2\/product_brand?post=17487"},{"taxonomy":"product_cat","embeddable":true,"href":"https:\/\/underhaus.com\/en\/wp-json\/wp\/v2\/product_cat?post=17487"},{"taxonomy":"product_tag","embeddable":true,"href":"https:\/\/underhaus.com\/en\/wp-json\/wp\/v2\/product_tag?post=17487"}],"curies":[{"name":"wp","href":"https:\/\/api.w.org\/{rel}","templated":true}]}}