{"id":17437,"date":"2026-02-05T19:26:49","date_gmt":"2026-02-05T19:26:49","guid":{"rendered":"https:\/\/underhaus.com\/producto\/perfume-afnan-turathi-red-woman-90ml\/"},"modified":"2026-02-05T19:40:23","modified_gmt":"2026-02-05T19:40:23","slug":"perfume-afnan-turathi-red-woman-90ml","status":"publish","type":"product","link":"https:\/\/underhaus.com\/en\/product\/perfume-afnan-turathi-red-woman-90ml\/","title":{"rendered":"Perfume Afnan Turathi Red Woman 90ml"},"content":{"rendered":"<p><span>Esta fragancia de la marca Afnan despliega una armoniosa combinaci\u00f3n de notas florales y amaderadas, creando una experiencia olfativa \u00fanica y envolvente. Con su car\u00e1cter distintivo y su sofisticaci\u00f3n sutil, esta fragancia es perfecta para quienes buscan una expresi\u00f3n refinada de su personalidad a trav\u00e9s de la fragancia. Afnan deja una impresi\u00f3n perdurable y memorable que refleja la calidad y el encanto de la marca<\/span><\/p>","protected":false},"excerpt":{"rendered":"<p>&#8211; Notas principal: Rosa, almizcle, floral.<br \/>\n&#8211; Notas de coraz\u00f3n: Madera, rosa, jazm\u00edn.<br \/>\n&#8211; Notas de base: Albaricoque, almizcle, peon\u00eda.<br \/>\n&#8211; Contenido: 90ml.<br \/>\n&#8211; G\u00e9nero: Femenino.<\/p>","protected":false},"featured_media":17433,"template":"","meta":[],"product_brand":[],"product_cat":[1686],"product_tag":[],"class_list":{"0":"post-17437","1":"product","2":"type-product","3":"status-publish","4":"has-post-thumbnail","6":"product_cat-cosmetica","8":"first","9":"instock","10":"shipping-taxable","11":"purchasable","12":"product-type-simple"},"aioseo_notices":[],"jetpack_sharing_enabled":true,"_links":{"self":[{"href":"https:\/\/underhaus.com\/en\/wp-json\/wp\/v2\/product\/17437","targetHints":{"allow":["GET"]}}],"collection":[{"href":"https:\/\/underhaus.com\/en\/wp-json\/wp\/v2\/product"}],"about":[{"href":"https:\/\/underhaus.com\/en\/wp-json\/wp\/v2\/types\/product"}],"wp:featuredmedia":[{"embeddable":true,"href":"https:\/\/underhaus.com\/en\/wp-json\/wp\/v2\/media\/17433"}],"wp:attachment":[{"href":"https:\/\/underhaus.com\/en\/wp-json\/wp\/v2\/media?parent=17437"}],"wp:term":[{"taxonomy":"product_brand","embeddable":true,"href":"https:\/\/underhaus.com\/en\/wp-json\/wp\/v2\/product_brand?post=17437"},{"taxonomy":"product_cat","embeddable":true,"href":"https:\/\/underhaus.com\/en\/wp-json\/wp\/v2\/product_cat?post=17437"},{"taxonomy":"product_tag","embeddable":true,"href":"https:\/\/underhaus.com\/en\/wp-json\/wp\/v2\/product_tag?post=17437"}],"curies":[{"name":"wp","href":"https:\/\/api.w.org\/{rel}","templated":true}]}}