{"id":17267,"date":"2026-01-11T19:05:02","date_gmt":"2026-01-11T19:05:02","guid":{"rendered":"https:\/\/underhaus.com\/producto\/perfume-lattafa-ishq-al-shuyukh-gold-100ml-fem\/"},"modified":"2026-04-30T00:00:10","modified_gmt":"2026-04-30T00:00:10","slug":"perfume-lattafa-ishq-al-shuyukh-gold-100ml-fem","status":"publish","type":"product","link":"https:\/\/underhaus.com\/en\/product\/perfume-lattafa-ishq-al-shuyukh-gold-100ml-fem\/","title":{"rendered":"Perfume Lattafa Ishq Al Shuyukh Gold 100ml Fem"},"content":{"rendered":"<p><span>Lattafa Pride Ishq Al Shuyukh Silver, inspirado en las palabras \u00e1rabes Latif para bondad y Lateefa para agradable, Lattafa resuena con el lujo y la elegancia de la cultura \u00e1rabe y captura v\u00edvidamente la esencia de su glorioso legado en su cautivadora fragancia.<\/span><\/p>","protected":false},"excerpt":{"rendered":"<p>&#8211; Notas de salida: Carmelo, Azafr\u00e1n.<br \/>\n&#8211; Notas de coraz\u00f3n: Haba Tonka, Gamuza.<br \/>\n&#8211; Notas de fondo: \u00c1mbar, Vainilla Y Almizcle.<br \/>\n&#8211; Contenido: 100ml.<\/p>","protected":false},"featured_media":17265,"template":"","meta":[],"product_brand":[],"product_cat":[1686],"product_tag":[],"class_list":{"0":"post-17267","1":"product","2":"type-product","3":"status-publish","4":"has-post-thumbnail","6":"product_cat-cosmetica","8":"first","9":"instock","10":"shipping-taxable","11":"purchasable","12":"product-type-simple"},"aioseo_notices":[],"jetpack_sharing_enabled":true,"_links":{"self":[{"href":"https:\/\/underhaus.com\/en\/wp-json\/wp\/v2\/product\/17267","targetHints":{"allow":["GET"]}}],"collection":[{"href":"https:\/\/underhaus.com\/en\/wp-json\/wp\/v2\/product"}],"about":[{"href":"https:\/\/underhaus.com\/en\/wp-json\/wp\/v2\/types\/product"}],"wp:featuredmedia":[{"embeddable":true,"href":"https:\/\/underhaus.com\/en\/wp-json\/wp\/v2\/media\/17265"}],"wp:attachment":[{"href":"https:\/\/underhaus.com\/en\/wp-json\/wp\/v2\/media?parent=17267"}],"wp:term":[{"taxonomy":"product_brand","embeddable":true,"href":"https:\/\/underhaus.com\/en\/wp-json\/wp\/v2\/product_brand?post=17267"},{"taxonomy":"product_cat","embeddable":true,"href":"https:\/\/underhaus.com\/en\/wp-json\/wp\/v2\/product_cat?post=17267"},{"taxonomy":"product_tag","embeddable":true,"href":"https:\/\/underhaus.com\/en\/wp-json\/wp\/v2\/product_tag?post=17267"}],"curies":[{"name":"wp","href":"https:\/\/api.w.org\/{rel}","templated":true}]}}