{"id":17202,"date":"2025-12-22T20:05:09","date_gmt":"2025-12-22T20:05:09","guid":{"rendered":"https:\/\/underhaus.com\/producto\/armaf-club-de-nuit-imperiale-105ml\/"},"modified":"2026-01-06T21:05:00","modified_gmt":"2026-01-06T21:05:00","slug":"armaf-club-de-nuit-imperiale-105ml","status":"publish","type":"product","link":"https:\/\/underhaus.com\/en\/product\/armaf-club-de-nuit-imperiale-105ml\/","title":{"rendered":"Armaf Club de Nuit Imperiale 105ml"},"content":{"rendered":"<p><span>Un aroma fresco y oriental, ideal tanto para el d\u00eda como para la noche, convirti\u00e9ndolo en la elecci\u00f3n perfecta para cualquier ocasi\u00f3n.<\/span><\/p>\n<p><span>Este cautivador perfume presenta una intrigante mezcla de notas frescas y amaderadas. Abre con notas c\u00edtricas vibrantes, evoluciona a un coraz\u00f3n floral y culmina con un fondo de maderas ex\u00f3ticas y \u00e1mbar.<\/span><\/p>","protected":false},"excerpt":{"rendered":"<p>Notas de salida: Lichi, bergamota y nuez moscada<br \/>\nNotas de coraz\u00f3n: Rosa turca, vainilla, almizcle y peon\u00eda<br \/>\nNotas de fondo: Vainilla, incienso, cachemira y cedro<br \/>\nGenero: Femenino<br \/>\nContiene; 100 ml<\/p>","protected":false},"featured_media":17211,"template":"","meta":[],"product_brand":[],"product_cat":[1686],"product_tag":[],"class_list":{"0":"post-17202","1":"product","2":"type-product","3":"status-publish","4":"has-post-thumbnail","6":"product_cat-cosmetica","8":"first","9":"instock","10":"shipping-taxable","11":"purchasable","12":"product-type-simple"},"aioseo_notices":[],"jetpack_sharing_enabled":true,"_links":{"self":[{"href":"https:\/\/underhaus.com\/en\/wp-json\/wp\/v2\/product\/17202","targetHints":{"allow":["GET"]}}],"collection":[{"href":"https:\/\/underhaus.com\/en\/wp-json\/wp\/v2\/product"}],"about":[{"href":"https:\/\/underhaus.com\/en\/wp-json\/wp\/v2\/types\/product"}],"wp:featuredmedia":[{"embeddable":true,"href":"https:\/\/underhaus.com\/en\/wp-json\/wp\/v2\/media\/17211"}],"wp:attachment":[{"href":"https:\/\/underhaus.com\/en\/wp-json\/wp\/v2\/media?parent=17202"}],"wp:term":[{"taxonomy":"product_brand","embeddable":true,"href":"https:\/\/underhaus.com\/en\/wp-json\/wp\/v2\/product_brand?post=17202"},{"taxonomy":"product_cat","embeddable":true,"href":"https:\/\/underhaus.com\/en\/wp-json\/wp\/v2\/product_cat?post=17202"},{"taxonomy":"product_tag","embeddable":true,"href":"https:\/\/underhaus.com\/en\/wp-json\/wp\/v2\/product_tag?post=17202"}],"curies":[{"name":"wp","href":"https:\/\/api.w.org\/{rel}","templated":true}]}}