{"id":17072,"date":"2025-11-25T19:47:54","date_gmt":"2025-11-25T19:47:54","guid":{"rendered":"https:\/\/underhaus.com\/producto\/blazy-susan-puple-cones-2-pcs-king-size\/"},"modified":"2026-04-22T00:00:13","modified_gmt":"2026-04-22T00:00:13","slug":"blazy-susan-puple-cones-2-pcs-king-size","status":"publish","type":"product","link":"https:\/\/underhaus.com\/en\/product\/blazy-susan-puple-cones-2-pcs-king-size\/","title":{"rendered":"Blazy Susan Puple Cones 2 pcs King Size"},"content":{"rendered":"<p><span>Los papeles de liar morados de Blazy Susan han conquistado el mundo y ahora est\u00e1n disponibles en pr\u00e1cticos conos.<\/span><\/p>\n<p>Cada paquete de conos morados Blazy Susan King Size incluye 2 <strong>conos<\/strong> hechos con su caracter\u00edstico papel morado. Este papel est\u00e1 <strong>hecho de pulpa de madera,<\/strong> por lo que tus porros sabr\u00e1n y oler\u00e1n como deben, sin el sabor alterante del c\u00e1\u00f1amo o el papel de arroz.<\/p>","protected":false},"excerpt":{"rendered":"<p>2 conos tama\u00f1o king por paquete.<br \/>\n\u00a1Papeles morados mundialmente famosos!<br \/>\nPapeles veganos, no transg\u00e9nicos y sin cloro.<\/p>","protected":false},"featured_media":17070,"template":"","meta":[],"product_brand":[],"product_cat":[208],"product_tag":[],"class_list":{"0":"post-17072","1":"product","2":"type-product","3":"status-publish","4":"has-post-thumbnail","6":"product_cat-rolling-papers","8":"first","9":"instock","10":"shipping-taxable","11":"purchasable","12":"product-type-simple"},"aioseo_notices":[],"jetpack_sharing_enabled":true,"_links":{"self":[{"href":"https:\/\/underhaus.com\/en\/wp-json\/wp\/v2\/product\/17072","targetHints":{"allow":["GET"]}}],"collection":[{"href":"https:\/\/underhaus.com\/en\/wp-json\/wp\/v2\/product"}],"about":[{"href":"https:\/\/underhaus.com\/en\/wp-json\/wp\/v2\/types\/product"}],"wp:featuredmedia":[{"embeddable":true,"href":"https:\/\/underhaus.com\/en\/wp-json\/wp\/v2\/media\/17070"}],"wp:attachment":[{"href":"https:\/\/underhaus.com\/en\/wp-json\/wp\/v2\/media?parent=17072"}],"wp:term":[{"taxonomy":"product_brand","embeddable":true,"href":"https:\/\/underhaus.com\/en\/wp-json\/wp\/v2\/product_brand?post=17072"},{"taxonomy":"product_cat","embeddable":true,"href":"https:\/\/underhaus.com\/en\/wp-json\/wp\/v2\/product_cat?post=17072"},{"taxonomy":"product_tag","embeddable":true,"href":"https:\/\/underhaus.com\/en\/wp-json\/wp\/v2\/product_tag?post=17072"}],"curies":[{"name":"wp","href":"https:\/\/api.w.org\/{rel}","templated":true}]}}