{"id":17025,"date":"2025-11-23T00:04:41","date_gmt":"2025-11-23T00:04:41","guid":{"rendered":"https:\/\/underhaus.com\/producto\/dk-5099-bola-picador-metal-3-partes\/"},"modified":"2026-01-25T00:18:38","modified_gmt":"2026-01-25T00:18:38","slug":"dk-5099-bola-picador-metal-3-partes","status":"publish","type":"product","link":"https:\/\/underhaus.com\/en\/product\/dk-5099-bola-picador-metal-3-partes\/","title":{"rendered":"D&amp;K 5099 Bola Picador Metal 3 Partes"},"content":{"rendered":"","protected":false},"excerpt":{"rendered":"<p>Grinder esf\u00e9rico con dise\u00f1o de hojas. Triple compartimento, dientes afilados y estilo \u00fanico. \u00a1Arte y potencia!.<\/p>","protected":false},"featured_media":17023,"template":"","meta":[],"product_brand":[],"product_cat":[204],"product_tag":[],"class_list":{"0":"post-17025","1":"product","2":"type-product","3":"status-publish","4":"has-post-thumbnail","6":"product_cat-grinders","8":"first","9":"instock","10":"shipping-taxable","11":"purchasable","12":"product-type-simple"},"aioseo_notices":[],"jetpack_sharing_enabled":true,"_links":{"self":[{"href":"https:\/\/underhaus.com\/en\/wp-json\/wp\/v2\/product\/17025","targetHints":{"allow":["GET"]}}],"collection":[{"href":"https:\/\/underhaus.com\/en\/wp-json\/wp\/v2\/product"}],"about":[{"href":"https:\/\/underhaus.com\/en\/wp-json\/wp\/v2\/types\/product"}],"wp:featuredmedia":[{"embeddable":true,"href":"https:\/\/underhaus.com\/en\/wp-json\/wp\/v2\/media\/17023"}],"wp:attachment":[{"href":"https:\/\/underhaus.com\/en\/wp-json\/wp\/v2\/media?parent=17025"}],"wp:term":[{"taxonomy":"product_brand","embeddable":true,"href":"https:\/\/underhaus.com\/en\/wp-json\/wp\/v2\/product_brand?post=17025"},{"taxonomy":"product_cat","embeddable":true,"href":"https:\/\/underhaus.com\/en\/wp-json\/wp\/v2\/product_cat?post=17025"},{"taxonomy":"product_tag","embeddable":true,"href":"https:\/\/underhaus.com\/en\/wp-json\/wp\/v2\/product_tag?post=17025"}],"curies":[{"name":"wp","href":"https:\/\/api.w.org\/{rel}","templated":true}]}}