{"id":17012,"date":"2025-11-22T23:17:57","date_gmt":"2025-11-22T23:17:57","guid":{"rendered":"https:\/\/underhaus.com\/producto\/zeus-50-78mm-pink-rolling-papers-50-filter-tips\/"},"modified":"2026-04-26T00:00:17","modified_gmt":"2026-04-26T00:00:17","slug":"zeus-50-78mm-pink-rolling-papers-50-filter-tips","status":"publish","type":"product","link":"https:\/\/underhaus.com\/en\/product\/zeus-50-78mm-pink-rolling-papers-50-filter-tips\/","title":{"rendered":"Zeus 50 78mm Pink Rolling Papers + 50 Filter Tips"},"content":{"rendered":"<p>\u00a0Zeus Pink Rolling Papers + Filter Tips<br \/>\u2022 \u00a0\u00a0\u00a0\u00a0Formato: Libreta con 50 papeles de celulosa rosa de 78mm + 50 boquillas\/filtros incluidos<br \/>\u2022 \u00a0\u00a0\u00a0\u00a0Material: Celulosa vegetal transl\u00facida, libre de qu\u00edmicos agresivos, con combusti\u00f3n lenta y uniforme<\/p>","protected":false},"excerpt":{"rendered":"<p>Zeus Pink Rolling Papers 78mm + 50 Tips \u2013 Celulosa rosa, combusti\u00f3n lenta y estilo \u00fanico. Pack completo y pr\u00e1ctico<\/p>","protected":false},"featured_media":17011,"template":"","meta":[],"product_brand":[],"product_cat":[208],"product_tag":[],"class_list":{"0":"post-17012","1":"product","2":"type-product","3":"status-publish","4":"has-post-thumbnail","6":"product_cat-rolling-papers","8":"first","9":"instock","10":"shipping-taxable","11":"purchasable","12":"product-type-simple"},"aioseo_notices":[],"jetpack_sharing_enabled":true,"_links":{"self":[{"href":"https:\/\/underhaus.com\/en\/wp-json\/wp\/v2\/product\/17012","targetHints":{"allow":["GET"]}}],"collection":[{"href":"https:\/\/underhaus.com\/en\/wp-json\/wp\/v2\/product"}],"about":[{"href":"https:\/\/underhaus.com\/en\/wp-json\/wp\/v2\/types\/product"}],"wp:featuredmedia":[{"embeddable":true,"href":"https:\/\/underhaus.com\/en\/wp-json\/wp\/v2\/media\/17011"}],"wp:attachment":[{"href":"https:\/\/underhaus.com\/en\/wp-json\/wp\/v2\/media?parent=17012"}],"wp:term":[{"taxonomy":"product_brand","embeddable":true,"href":"https:\/\/underhaus.com\/en\/wp-json\/wp\/v2\/product_brand?post=17012"},{"taxonomy":"product_cat","embeddable":true,"href":"https:\/\/underhaus.com\/en\/wp-json\/wp\/v2\/product_cat?post=17012"},{"taxonomy":"product_tag","embeddable":true,"href":"https:\/\/underhaus.com\/en\/wp-json\/wp\/v2\/product_tag?post=17012"}],"curies":[{"name":"wp","href":"https:\/\/api.w.org\/{rel}","templated":true}]}}