{"id":16969,"date":"2025-11-21T19:18:12","date_gmt":"2025-11-21T19:18:12","guid":{"rendered":"https:\/\/underhaus.com\/producto\/perfume-armaf-match-point-100ml\/"},"modified":"2025-11-21T19:32:56","modified_gmt":"2025-11-21T19:32:56","slug":"perfume-armaf-match-point-100ml","status":"publish","type":"product","link":"https:\/\/underhaus.com\/en\/product\/perfume-armaf-match-point-100ml\/","title":{"rendered":"Perfume Armaf Match Point 100ml"},"content":{"rendered":"<p>Armaf Match Point Eau de Parfum 100ml es una fragancia masculina de la familia amaderada arom\u00e1tica, que combina frescura c\u00edtrica con un coraz\u00f3n herbal-floral y un fondo c\u00e1lido de maderas y almizcle.<\/p>","protected":false},"excerpt":{"rendered":"<p>Notas de salida: bergamota, lim\u00f3n<br \/>\nNotas de coraz\u00f3n: lavanda, geranio<br \/>\nNotas de fondo: cedro, almizcle<br \/>\nGenero: Masculino<br \/>\nContiene: 100 ml<\/p>","protected":false},"featured_media":16965,"template":"","meta":[],"product_brand":[],"product_cat":[1686],"product_tag":[],"class_list":{"0":"post-16969","1":"product","2":"type-product","3":"status-publish","4":"has-post-thumbnail","6":"product_cat-cosmetica","8":"first","9":"instock","10":"shipping-taxable","11":"purchasable","12":"product-type-simple"},"aioseo_notices":[],"jetpack_sharing_enabled":true,"_links":{"self":[{"href":"https:\/\/underhaus.com\/en\/wp-json\/wp\/v2\/product\/16969","targetHints":{"allow":["GET"]}}],"collection":[{"href":"https:\/\/underhaus.com\/en\/wp-json\/wp\/v2\/product"}],"about":[{"href":"https:\/\/underhaus.com\/en\/wp-json\/wp\/v2\/types\/product"}],"wp:featuredmedia":[{"embeddable":true,"href":"https:\/\/underhaus.com\/en\/wp-json\/wp\/v2\/media\/16965"}],"wp:attachment":[{"href":"https:\/\/underhaus.com\/en\/wp-json\/wp\/v2\/media?parent=16969"}],"wp:term":[{"taxonomy":"product_brand","embeddable":true,"href":"https:\/\/underhaus.com\/en\/wp-json\/wp\/v2\/product_brand?post=16969"},{"taxonomy":"product_cat","embeddable":true,"href":"https:\/\/underhaus.com\/en\/wp-json\/wp\/v2\/product_cat?post=16969"},{"taxonomy":"product_tag","embeddable":true,"href":"https:\/\/underhaus.com\/en\/wp-json\/wp\/v2\/product_tag?post=16969"}],"curies":[{"name":"wp","href":"https:\/\/api.w.org\/{rel}","templated":true}]}}