{"id":16964,"date":"2025-11-21T19:02:56","date_gmt":"2025-11-21T19:02:56","guid":{"rendered":"https:\/\/underhaus.com\/producto\/perfume-armaf-odyssey-eau-de-montagne-100ml\/"},"modified":"2025-11-30T00:00:36","modified_gmt":"2025-11-30T00:00:36","slug":"perfume-armaf-odyssey-eau-de-montagne-100ml","status":"publish","type":"product","link":"https:\/\/underhaus.com\/en\/product\/perfume-armaf-odyssey-eau-de-montagne-100ml\/","title":{"rendered":"Perfume Armaf Odyssey Eau de Montagne 100ml"},"content":{"rendered":"<p><span>El perfume Armaf Odyssey Eau de Montagne se abre con fusi\u00f3n cremosa de almendras, lactonas suaves y especias acogedoras. El coraz\u00f3n floral de las flores blancas trae ligereza y elegancia. En la base, la reconfortante dulzura de la vainilla y el cacao se entrelazan con el calor le\u00f1oso del s\u00e1ndalo y la suavidad de Alli -Mirror. Una composici\u00f3n unisex que traduce la libertad, la fuerza refinada y la presencia inolvidable.<\/span><\/p>","protected":false},"excerpt":{"rendered":"<p>Notas de salida: almendra, lactonas, especias.<br \/>\nNotas de coraz\u00f3n: flores blancas.<br \/>\nNotas de fondo: vainilla, cacao, s\u00e1ndalo, almizcle.<br \/>\nGenero: unisex<br \/>\nContiene: 100ml<\/p>","protected":false},"featured_media":16960,"template":"","meta":[],"product_brand":[],"product_cat":[1686],"product_tag":[],"class_list":{"0":"post-16964","1":"product","2":"type-product","3":"status-publish","4":"has-post-thumbnail","6":"product_cat-cosmetica","8":"first","9":"instock","10":"shipping-taxable","11":"purchasable","12":"product-type-simple"},"aioseo_notices":[],"jetpack_sharing_enabled":true,"_links":{"self":[{"href":"https:\/\/underhaus.com\/en\/wp-json\/wp\/v2\/product\/16964","targetHints":{"allow":["GET"]}}],"collection":[{"href":"https:\/\/underhaus.com\/en\/wp-json\/wp\/v2\/product"}],"about":[{"href":"https:\/\/underhaus.com\/en\/wp-json\/wp\/v2\/types\/product"}],"wp:featuredmedia":[{"embeddable":true,"href":"https:\/\/underhaus.com\/en\/wp-json\/wp\/v2\/media\/16960"}],"wp:attachment":[{"href":"https:\/\/underhaus.com\/en\/wp-json\/wp\/v2\/media?parent=16964"}],"wp:term":[{"taxonomy":"product_brand","embeddable":true,"href":"https:\/\/underhaus.com\/en\/wp-json\/wp\/v2\/product_brand?post=16964"},{"taxonomy":"product_cat","embeddable":true,"href":"https:\/\/underhaus.com\/en\/wp-json\/wp\/v2\/product_cat?post=16964"},{"taxonomy":"product_tag","embeddable":true,"href":"https:\/\/underhaus.com\/en\/wp-json\/wp\/v2\/product_tag?post=16964"}],"curies":[{"name":"wp","href":"https:\/\/api.w.org\/{rel}","templated":true}]}}