{"id":16794,"date":"2025-10-26T19:11:54","date_gmt":"2025-10-26T19:11:54","guid":{"rendered":"https:\/\/underhaus.com\/producto\/partagas-5-chicos\/"},"modified":"2026-05-03T00:00:16","modified_gmt":"2026-05-03T00:00:16","slug":"partagas-5-chicos","status":"publish","type":"product","link":"https:\/\/underhaus.com\/en\/product\/partagas-5-chicos\/","title":{"rendered":"Partagas 5 Chicos"},"content":{"rendered":"<p>Todas las vitolas de Partagas son ricas, llenas de sabores terrosos. A pesar de su peque\u00f1o tama\u00f1o en comparaci\u00f3n con otras vitolas, conserva toda la fuerza y sabor de sus hermanos mayores en tan solo 20 minutos de fumada.<\/p>","protected":false},"excerpt":{"rendered":"<p>Origen\tCuba<br \/>\nCapa\tTabaco cubano<br \/>\nCapote\tTabaco cubano<br \/>\nTripa\tTabaco cubano<br \/>\nFortaleza\tMedia a Completa<br \/>\nLongitud\t105 mm<br \/>\nCepo\t29<br \/>\nPresentaci\u00f3n\t5 unidades.<\/p>","protected":false},"featured_media":16790,"template":"","meta":[],"product_brand":[],"product_cat":[1749],"product_tag":[],"class_list":{"0":"post-16794","1":"product","2":"type-product","3":"status-publish","4":"has-post-thumbnail","6":"product_cat-habanos","8":"first","9":"instock","10":"shipping-taxable","11":"purchasable","12":"product-type-simple"},"aioseo_notices":[],"jetpack_sharing_enabled":true,"_links":{"self":[{"href":"https:\/\/underhaus.com\/en\/wp-json\/wp\/v2\/product\/16794","targetHints":{"allow":["GET"]}}],"collection":[{"href":"https:\/\/underhaus.com\/en\/wp-json\/wp\/v2\/product"}],"about":[{"href":"https:\/\/underhaus.com\/en\/wp-json\/wp\/v2\/types\/product"}],"wp:featuredmedia":[{"embeddable":true,"href":"https:\/\/underhaus.com\/en\/wp-json\/wp\/v2\/media\/16790"}],"wp:attachment":[{"href":"https:\/\/underhaus.com\/en\/wp-json\/wp\/v2\/media?parent=16794"}],"wp:term":[{"taxonomy":"product_brand","embeddable":true,"href":"https:\/\/underhaus.com\/en\/wp-json\/wp\/v2\/product_brand?post=16794"},{"taxonomy":"product_cat","embeddable":true,"href":"https:\/\/underhaus.com\/en\/wp-json\/wp\/v2\/product_cat?post=16794"},{"taxonomy":"product_tag","embeddable":true,"href":"https:\/\/underhaus.com\/en\/wp-json\/wp\/v2\/product_tag?post=16794"}],"curies":[{"name":"wp","href":"https:\/\/api.w.org\/{rel}","templated":true}]}}