{"id":16783,"date":"2025-10-26T18:41:50","date_gmt":"2025-10-26T18:41:50","guid":{"rendered":"https:\/\/underhaus.com\/producto\/guantanamera-5-puritos\/"},"modified":"2026-05-04T00:00:09","modified_gmt":"2026-05-04T00:00:09","slug":"guantanamera-5-puritos","status":"publish","type":"product","link":"https:\/\/underhaus.com\/en\/product\/guantanamera-5-puritos\/","title":{"rendered":"Guantanamera 5 Puritos"},"content":{"rendered":"<p><span>Es un puro amaderado y r\u00fastico. Tiene un sabor cl\u00e1sico antiguo con un agradable humo espeso y un acabado picante que no es en absoluto \u00e1spero. Los Puritos son de los m\u00e1s chicos de la familia Guantanamera, pero est\u00e1n llenos del sabor y la cremosidad tradicional en los puros cubanos.<\/span><\/p>","protected":false},"excerpt":{"rendered":"<p>Origen  Cuba<br \/>\nCapa\tTabaco cubano<br \/>\nCapote\tTabaco cubano<br \/>\nTripa\tTabaco cubano<br \/>\nFortaleza\tSuave<br \/>\nLongitud\t105 mm<br \/>\nCepo\t29<br \/>\nPresentaci\u00f3n\t5 unidades<\/p>","protected":false},"featured_media":16782,"template":"","meta":[],"product_brand":[],"product_cat":[1749],"product_tag":[],"class_list":{"0":"post-16783","1":"product","2":"type-product","3":"status-publish","4":"has-post-thumbnail","6":"product_cat-habanos","8":"first","9":"instock","10":"shipping-taxable","11":"purchasable","12":"product-type-simple"},"aioseo_notices":[],"jetpack_sharing_enabled":true,"_links":{"self":[{"href":"https:\/\/underhaus.com\/en\/wp-json\/wp\/v2\/product\/16783","targetHints":{"allow":["GET"]}}],"collection":[{"href":"https:\/\/underhaus.com\/en\/wp-json\/wp\/v2\/product"}],"about":[{"href":"https:\/\/underhaus.com\/en\/wp-json\/wp\/v2\/types\/product"}],"wp:featuredmedia":[{"embeddable":true,"href":"https:\/\/underhaus.com\/en\/wp-json\/wp\/v2\/media\/16782"}],"wp:attachment":[{"href":"https:\/\/underhaus.com\/en\/wp-json\/wp\/v2\/media?parent=16783"}],"wp:term":[{"taxonomy":"product_brand","embeddable":true,"href":"https:\/\/underhaus.com\/en\/wp-json\/wp\/v2\/product_brand?post=16783"},{"taxonomy":"product_cat","embeddable":true,"href":"https:\/\/underhaus.com\/en\/wp-json\/wp\/v2\/product_cat?post=16783"},{"taxonomy":"product_tag","embeddable":true,"href":"https:\/\/underhaus.com\/en\/wp-json\/wp\/v2\/product_tag?post=16783"}],"curies":[{"name":"wp","href":"https:\/\/api.w.org\/{rel}","templated":true}]}}