{"id":16711,"date":"2025-10-14T22:42:48","date_gmt":"2025-10-14T22:42:48","guid":{"rendered":"https:\/\/underhaus.com\/producto\/perfume-maison-alhambra-30ml-no-2-men\/"},"modified":"2025-11-24T00:00:29","modified_gmt":"2025-11-24T00:00:29","slug":"perfume-maison-alhambra-30ml-no-2-men","status":"publish","type":"product","link":"https:\/\/underhaus.com\/en\/product\/perfume-maison-alhambra-30ml-no-2-men\/","title":{"rendered":"Perfume Maison Alhambra 30ml No.2 Men"},"content":{"rendered":"<p>\u00a0Maison Alhambra No.2 Men EDP 30ml es una fragancia masculina arom\u00e1tica y especiada, con notas frescas de bergamota y lavanda que evolucionan hacia un fondo c\u00e1lido y amaderado. Ideal para hombres que buscan distinci\u00f3n y car\u00e1cter en su aroma diario.<\/p>","protected":false},"excerpt":{"rendered":"<p>Notas de Salida son bergamota y lavanda<br \/>\nNotas de Coraz\u00f3n son jengibre y cardamomo<br \/>\nNotas de Fondo son vetiver, incienso, almizcle, s\u00e1ndalo, l\u00e1dano y madera de gaiac.<br \/>\nGenero: Masculino<br \/>\nContiene: 30ml<\/p>","protected":false},"featured_media":16707,"template":"","meta":[],"product_brand":[],"product_cat":[1766],"product_tag":[],"class_list":{"0":"post-16711","1":"product","2":"type-product","3":"status-publish","4":"has-post-thumbnail","6":"product_cat-perfumeria","8":"first","9":"instock","10":"shipping-taxable","11":"purchasable","12":"product-type-simple"},"aioseo_notices":[],"jetpack_sharing_enabled":true,"_links":{"self":[{"href":"https:\/\/underhaus.com\/en\/wp-json\/wp\/v2\/product\/16711","targetHints":{"allow":["GET"]}}],"collection":[{"href":"https:\/\/underhaus.com\/en\/wp-json\/wp\/v2\/product"}],"about":[{"href":"https:\/\/underhaus.com\/en\/wp-json\/wp\/v2\/types\/product"}],"wp:featuredmedia":[{"embeddable":true,"href":"https:\/\/underhaus.com\/en\/wp-json\/wp\/v2\/media\/16707"}],"wp:attachment":[{"href":"https:\/\/underhaus.com\/en\/wp-json\/wp\/v2\/media?parent=16711"}],"wp:term":[{"taxonomy":"product_brand","embeddable":true,"href":"https:\/\/underhaus.com\/en\/wp-json\/wp\/v2\/product_brand?post=16711"},{"taxonomy":"product_cat","embeddable":true,"href":"https:\/\/underhaus.com\/en\/wp-json\/wp\/v2\/product_cat?post=16711"},{"taxonomy":"product_tag","embeddable":true,"href":"https:\/\/underhaus.com\/en\/wp-json\/wp\/v2\/product_tag?post=16711"}],"curies":[{"name":"wp","href":"https:\/\/api.w.org\/{rel}","templated":true}]}}