{"id":16696,"date":"2025-10-10T23:57:46","date_gmt":"2025-10-10T23:57:46","guid":{"rendered":"https:\/\/underhaus.com\/producto\/ocb-easy-roll-maquina-enrolladora-de-filtros-tips\/"},"modified":"2026-04-20T00:00:12","modified_gmt":"2026-04-20T00:00:12","slug":"ocb-easy-roll-maquina-enrolladora-de-filtros-tips","status":"publish","type":"product","link":"https:\/\/underhaus.com\/en\/product\/ocb-easy-roll-maquina-enrolladora-de-filtros-tips\/","title":{"rendered":"OCB Easy Roll Maquina Enrolladora de Filtros Tips"},"content":{"rendered":"<p>\u2022 \u00a0OCB Easy Roll: Es un dispositivo o m\u00e1quina de liar que incluye un rollo de papel de cart\u00f3n con adhesivo para crear filtros. Funciona colocando tabaco en el papel dentro del dispositivo, cerr\u00e1ndolo y gir\u00e1ndolo para enrollar el cigarrillo de manera uniforme. El rollo de cart\u00f3n se usa para formar el filtro, y el adhesivo ayuda a sellarlo.<br \/>\u2022 \u00a0OCB Gummed Tips: Son filtros pre-cortados con una banda adhesiva. Se colocan en un extremo del tabaco antes de enrollar, se humedece el adhesivo para pegarlo, y luego se envuelve el papel alrededor para completar el cigarrillo.<br \/>Ambos productos est\u00e1n pensados para simplificar y estandarizar el proceso de liar cigarrillos, ofreciendo una experiencia m\u00e1s pr\u00e1ctica y consistente.<\/p>","protected":false},"excerpt":{"rendered":"<p>Easy Roll\u201d y \u201cGummed Tips\u201d (filtros con adhesivo). Estos son accesorios dise\u00f1ados para facilitar el proceso de liar cigarrillos de forma manual<\/p>","protected":false},"featured_media":16694,"template":"","meta":[],"product_brand":[],"product_cat":[207],"product_tag":[],"class_list":{"0":"post-16696","1":"product","2":"type-product","3":"status-publish","4":"has-post-thumbnail","6":"product_cat-rollers","8":"first","9":"instock","10":"shipping-taxable","11":"purchasable","12":"product-type-simple"},"aioseo_notices":[],"jetpack_sharing_enabled":true,"_links":{"self":[{"href":"https:\/\/underhaus.com\/en\/wp-json\/wp\/v2\/product\/16696","targetHints":{"allow":["GET"]}}],"collection":[{"href":"https:\/\/underhaus.com\/en\/wp-json\/wp\/v2\/product"}],"about":[{"href":"https:\/\/underhaus.com\/en\/wp-json\/wp\/v2\/types\/product"}],"wp:featuredmedia":[{"embeddable":true,"href":"https:\/\/underhaus.com\/en\/wp-json\/wp\/v2\/media\/16694"}],"wp:attachment":[{"href":"https:\/\/underhaus.com\/en\/wp-json\/wp\/v2\/media?parent=16696"}],"wp:term":[{"taxonomy":"product_brand","embeddable":true,"href":"https:\/\/underhaus.com\/en\/wp-json\/wp\/v2\/product_brand?post=16696"},{"taxonomy":"product_cat","embeddable":true,"href":"https:\/\/underhaus.com\/en\/wp-json\/wp\/v2\/product_cat?post=16696"},{"taxonomy":"product_tag","embeddable":true,"href":"https:\/\/underhaus.com\/en\/wp-json\/wp\/v2\/product_tag?post=16696"}],"curies":[{"name":"wp","href":"https:\/\/api.w.org\/{rel}","templated":true}]}}