{"id":16641,"date":"2025-10-03T22:36:17","date_gmt":"2025-10-03T22:36:17","guid":{"rendered":"https:\/\/underhaus.com\/producto\/puffco-plus-onyx\/"},"modified":"2026-03-31T00:00:14","modified_gmt":"2026-03-31T00:00:14","slug":"puffco-plus-onyx","status":"publish","type":"product","link":"https:\/\/underhaus.com\/en\/product\/puffco-plus-onyx\/","title":{"rendered":"Puffco Plus Onyx"},"content":{"rendered":"<p style=\"margin-left:0px\">Descubre qu\u00e9 hace especial al Vaporizador Puffco Plus \u2013 Onyx<\/p>\n<p style=\"margin-left:0px\">BOQUILLA: Una innovaci\u00f3n exclusiva de Puffco. Puedes extender el dardo presionando hacia abajo la punta de la boquilla, para que la carga sea una experiencia limpia y f\u00e1cil.<\/p>\n<p style=\"margin-left:0px\">BOWL DE CER\u00c1MICA: Calienta tu aceite de manera uniforme en lugar de quemarlo, proporcionando el sabor m\u00e1s puro.<\/p>\n<p style=\"margin-left:0px\">3 AJUSTES DE CALOR: Este vaporizador te da la libertad de seleccionar tus propias temperaturas de calefacci\u00f3n en funci\u00f3n de tus prioridades de consumo y tama\u00f1o de carga. Desde un ligero hit hasta una espesa nube de humo.<\/p>\n<p style=\"margin-left:0px\">MODO SESH: Una innovaci\u00f3n exclusiva de Puffco. Calentamiento continuo de 12 segundos pulsando dos veces el bot\u00f3n, en lugar de tener que mantenerlo pulsado<\/p>","protected":false},"excerpt":{"rendered":"<p>Con un dise\u00f1o ideal de bolsillo, el Puffco Plus es el vaporizador para concentrados m\u00e1s premiado y ahora viene mejorado. El vaporizador Puffco Plus ofrece caracter\u00edsticas l\u00edderes en la industria como:<\/p>\n<p>C\u00e1mara de calentamiento totalmente de cer\u00e1mica que no usa bobinas<br \/>\nHerramienta de carga integrada que canaliza el exceso de condensado hacia el horno.<br \/>\nLa c\u00e1mara de calentamiento extra grande es muy f\u00e1cil de cargar y la construcci\u00f3n totalmente de cer\u00e1mica brinda un sabor puro.<\/p>","protected":false},"featured_media":16633,"template":"","meta":[],"product_brand":[],"product_cat":[220],"product_tag":[],"class_list":{"0":"post-16641","1":"product","2":"type-product","3":"status-publish","4":"has-post-thumbnail","6":"product_cat-vaporizadores","8":"first","9":"instock","10":"shipping-taxable","11":"purchasable","12":"product-type-simple"},"aioseo_notices":[],"jetpack_sharing_enabled":true,"_links":{"self":[{"href":"https:\/\/underhaus.com\/en\/wp-json\/wp\/v2\/product\/16641","targetHints":{"allow":["GET"]}}],"collection":[{"href":"https:\/\/underhaus.com\/en\/wp-json\/wp\/v2\/product"}],"about":[{"href":"https:\/\/underhaus.com\/en\/wp-json\/wp\/v2\/types\/product"}],"wp:featuredmedia":[{"embeddable":true,"href":"https:\/\/underhaus.com\/en\/wp-json\/wp\/v2\/media\/16633"}],"wp:attachment":[{"href":"https:\/\/underhaus.com\/en\/wp-json\/wp\/v2\/media?parent=16641"}],"wp:term":[{"taxonomy":"product_brand","embeddable":true,"href":"https:\/\/underhaus.com\/en\/wp-json\/wp\/v2\/product_brand?post=16641"},{"taxonomy":"product_cat","embeddable":true,"href":"https:\/\/underhaus.com\/en\/wp-json\/wp\/v2\/product_cat?post=16641"},{"taxonomy":"product_tag","embeddable":true,"href":"https:\/\/underhaus.com\/en\/wp-json\/wp\/v2\/product_tag?post=16641"}],"curies":[{"name":"wp","href":"https:\/\/api.w.org\/{rel}","templated":true}]}}