{"id":16625,"date":"2025-09-26T21:58:08","date_gmt":"2025-09-26T21:58:08","guid":{"rendered":"https:\/\/underhaus.com\/producto\/armaf-club-de-nuit-red-untold-105ml\/"},"modified":"2025-10-04T00:00:15","modified_gmt":"2025-10-04T00:00:15","slug":"armaf-club-de-nuit-red-untold-105ml","status":"publish","type":"product","link":"https:\/\/underhaus.com\/en\/product\/armaf-club-de-nuit-red-untold-105ml\/","title":{"rendered":"Armaf Club de Nuit Red Untold 105ml"},"content":{"rendered":"<p><span>Este perfume Armaf es una interpretaci\u00f3n audaz y atractiva de la elegancia y el estilo modernos. Con una combinaci\u00f3n armoniosa de notas amaderadas, especiadas y orientales, esta fragancia seduce los sentidos con su profundidad y car\u00e1cter distintivo. La esencia distintiva de Armaf se manifiesta en una composici\u00f3n olfativa que evoca pasi\u00f3n y sensualidad, dejando una estela inolvidable y atractiva que refleja la autenticidad y belleza de la marca.<\/span><\/p>","protected":false},"excerpt":{"rendered":"<p>&#8211; Notas principales: Azafr\u00e1n, jazm\u00edn.<br \/>\n&#8211; Notas medias: \u00c1mbar gris, \u00e1mbar gris.<br \/>\n&#8211; Notas de fondo: resina de abeto, cedro.<br \/>\n&#8211; Contenido: 105ml.<br \/>\n&#8211; G\u00e9nero: Unisex.<\/p>","protected":false},"featured_media":16623,"template":"","meta":[],"product_brand":[],"product_cat":[1766],"product_tag":[],"class_list":{"0":"post-16625","1":"product","2":"type-product","3":"status-publish","4":"has-post-thumbnail","6":"product_cat-perfumeria","8":"first","9":"outofstock","10":"shipping-taxable","11":"purchasable","12":"product-type-simple"},"aioseo_notices":[],"jetpack_sharing_enabled":true,"_links":{"self":[{"href":"https:\/\/underhaus.com\/en\/wp-json\/wp\/v2\/product\/16625","targetHints":{"allow":["GET"]}}],"collection":[{"href":"https:\/\/underhaus.com\/en\/wp-json\/wp\/v2\/product"}],"about":[{"href":"https:\/\/underhaus.com\/en\/wp-json\/wp\/v2\/types\/product"}],"wp:featuredmedia":[{"embeddable":true,"href":"https:\/\/underhaus.com\/en\/wp-json\/wp\/v2\/media\/16623"}],"wp:attachment":[{"href":"https:\/\/underhaus.com\/en\/wp-json\/wp\/v2\/media?parent=16625"}],"wp:term":[{"taxonomy":"product_brand","embeddable":true,"href":"https:\/\/underhaus.com\/en\/wp-json\/wp\/v2\/product_brand?post=16625"},{"taxonomy":"product_cat","embeddable":true,"href":"https:\/\/underhaus.com\/en\/wp-json\/wp\/v2\/product_cat?post=16625"},{"taxonomy":"product_tag","embeddable":true,"href":"https:\/\/underhaus.com\/en\/wp-json\/wp\/v2\/product_tag?post=16625"}],"curies":[{"name":"wp","href":"https:\/\/api.w.org\/{rel}","templated":true}]}}