{"id":16554,"date":"2025-09-26T19:13:06","date_gmt":"2025-09-26T19:13:06","guid":{"rendered":"https:\/\/underhaus.com\/producto\/armaf-club-de-nuit-intense-uae-national-day-105ml\/"},"modified":"2026-03-01T00:00:22","modified_gmt":"2026-03-01T00:00:22","slug":"armaf-club-de-nuit-intense-uae-national-day-105ml","status":"publish","type":"product","link":"https:\/\/underhaus.com\/en\/product\/armaf-club-de-nuit-intense-uae-national-day-105ml\/","title":{"rendered":"Armaf Club de Nuit Intense UAE NATIONAL DAY 105ml"},"content":{"rendered":"<p>Esta versi\u00f3n especial celebra el D\u00eda Nacional de los Emiratos \u00c1rabes Unidos, y lo hace con un dise\u00f1o exclusivo y una composici\u00f3n olfativa que refleja lujo, orgullo y sofisticaci\u00f3n. El frasco suele venir decorado con motivos patri\u00f3ticos, convirti\u00e9ndolo en una pieza de colecci\u00f3n. ideal para Hombres que buscan una fragancia <strong>intensa, masculina y duradera<\/strong><\/p>\n<p>Ideal para climas frescos o eventos nocturnos<\/p>\n<p>Perfecta para quienes disfrutan de aromas tipo <strong>Creed Aventus<\/strong>, ya que tiene un perfil similar pero m\u00e1s accesible<\/p>","protected":false},"excerpt":{"rendered":"<p>Notas de Salida: Lim\u00f3n italiano, manzana negra, pimienta rosa<br \/>\nNotas de Coraz\u00f3n: Rosa de Bulgaria, bergamota calabresa, jazm\u00edn<br \/>\n Notas de Fondo: \u00c1mbar, musk, vainilla, parche<br \/>\nContiene: 105 ML<br \/>\nGenero: Masculino<\/p>","protected":false},"featured_media":16552,"template":"","meta":[],"product_brand":[],"product_cat":[1686],"product_tag":[],"class_list":{"0":"post-16554","1":"product","2":"type-product","3":"status-publish","4":"has-post-thumbnail","6":"product_cat-cosmetica","8":"first","9":"instock","10":"shipping-taxable","11":"purchasable","12":"product-type-simple"},"aioseo_notices":[],"jetpack_sharing_enabled":true,"_links":{"self":[{"href":"https:\/\/underhaus.com\/en\/wp-json\/wp\/v2\/product\/16554","targetHints":{"allow":["GET"]}}],"collection":[{"href":"https:\/\/underhaus.com\/en\/wp-json\/wp\/v2\/product"}],"about":[{"href":"https:\/\/underhaus.com\/en\/wp-json\/wp\/v2\/types\/product"}],"wp:featuredmedia":[{"embeddable":true,"href":"https:\/\/underhaus.com\/en\/wp-json\/wp\/v2\/media\/16552"}],"wp:attachment":[{"href":"https:\/\/underhaus.com\/en\/wp-json\/wp\/v2\/media?parent=16554"}],"wp:term":[{"taxonomy":"product_brand","embeddable":true,"href":"https:\/\/underhaus.com\/en\/wp-json\/wp\/v2\/product_brand?post=16554"},{"taxonomy":"product_cat","embeddable":true,"href":"https:\/\/underhaus.com\/en\/wp-json\/wp\/v2\/product_cat?post=16554"},{"taxonomy":"product_tag","embeddable":true,"href":"https:\/\/underhaus.com\/en\/wp-json\/wp\/v2\/product_tag?post=16554"}],"curies":[{"name":"wp","href":"https:\/\/api.w.org\/{rel}","templated":true}]}}