{"id":16546,"date":"2025-09-21T22:42:36","date_gmt":"2025-09-21T22:42:36","guid":{"rendered":"https:\/\/underhaus.com\/producto\/la-caoba-tabaco-pipa-aromatic-50-gr\/"},"modified":"2026-05-05T00:00:14","modified_gmt":"2026-05-05T00:00:14","slug":"la-caoba-tabaco-pipa-aromatic-50-gr","status":"publish","type":"product","link":"https:\/\/underhaus.com\/en\/product\/la-caoba-tabaco-pipa-aromatic-50-gr\/","title":{"rendered":"La Caoba Tabaco Pipa Aromatic 50 gr"},"content":{"rendered":"<p>\u00a0La Caoba Aromatic \u2013 Tabaco para Pipa (50g) es una mezcla arom\u00e1tica dise\u00f1ada para quienes disfrutan de una fumada suave, dulce y con car\u00e1cter. Presentado en un empaque rojo vibrante con detalles blancos y el cl\u00e1sico logo de hoja, este blend artesanal ofrece una experiencia sensorial envolvente y placentera.<br \/>? Caracter\u00edsticas principales<br \/>\u2022 \u00a0\u00a0\u00a0\u00a0Tipo de mezcla: Arom\u00e1tica<br \/>Con notas dulces y envolventes que incluyen chocolate, cereza, vainilla y otras esencias suaves.<br \/>\u2022 \u00a0\u00a0\u00a0\u00a0Corte: Regular<br \/>Facilita una combusti\u00f3n uniforme y una fumada constante.<br \/>\u2022 \u00a0\u00a0\u00a0\u00a0Peso neto: 50 gramos \/ 1.76 oz<br \/>Formato ideal para uso personal o degustaci\u00f3n.<\/p>","protected":false},"excerpt":{"rendered":"<p>TABACO PARA PIPA<\/p>","protected":false},"featured_media":16545,"template":"","meta":[],"product_brand":[],"product_cat":[210],"product_tag":[],"class_list":{"0":"post-16546","1":"product","2":"type-product","3":"status-publish","4":"has-post-thumbnail","6":"product_cat-tabaco","8":"first","9":"instock","10":"shipping-taxable","11":"purchasable","12":"product-type-simple"},"aioseo_notices":[],"jetpack_sharing_enabled":true,"_links":{"self":[{"href":"https:\/\/underhaus.com\/en\/wp-json\/wp\/v2\/product\/16546","targetHints":{"allow":["GET"]}}],"collection":[{"href":"https:\/\/underhaus.com\/en\/wp-json\/wp\/v2\/product"}],"about":[{"href":"https:\/\/underhaus.com\/en\/wp-json\/wp\/v2\/types\/product"}],"wp:featuredmedia":[{"embeddable":true,"href":"https:\/\/underhaus.com\/en\/wp-json\/wp\/v2\/media\/16545"}],"wp:attachment":[{"href":"https:\/\/underhaus.com\/en\/wp-json\/wp\/v2\/media?parent=16546"}],"wp:term":[{"taxonomy":"product_brand","embeddable":true,"href":"https:\/\/underhaus.com\/en\/wp-json\/wp\/v2\/product_brand?post=16546"},{"taxonomy":"product_cat","embeddable":true,"href":"https:\/\/underhaus.com\/en\/wp-json\/wp\/v2\/product_cat?post=16546"},{"taxonomy":"product_tag","embeddable":true,"href":"https:\/\/underhaus.com\/en\/wp-json\/wp\/v2\/product_tag?post=16546"}],"curies":[{"name":"wp","href":"https:\/\/api.w.org\/{rel}","templated":true}]}}