{"id":16530,"date":"2025-09-21T21:57:41","date_gmt":"2025-09-21T21:57:41","guid":{"rendered":"https:\/\/underhaus.com\/producto\/perfume-maison-alhambra-30ml-jean-lowe-immortal\/"},"modified":"2026-04-11T00:00:15","modified_gmt":"2026-04-11T00:00:15","slug":"perfume-maison-alhambra-30ml-jean-lowe-immortal","status":"publish","type":"product","link":"https:\/\/underhaus.com\/en\/product\/perfume-maison-alhambra-30ml-jean-lowe-immortal\/","title":{"rendered":"Perfume Maison Alhambra 30ml Jean Lowe Immortal"},"content":{"rendered":"<p>\u00a0Maison Alhambra Jean Lowe Immortal Eau de Parfum 30ml es una fragancia unisex sofisticada y vibrante, inspirada en L\u2019Immensit\u00e9 de Louis Vuitton. Con un perfil arom\u00e1tico fresco y especiado, esta esencia est\u00e1 pensada para quienes buscan una firma olfativa moderna, elegante y con car\u00e1cter.<\/p>","protected":false},"excerpt":{"rendered":"<p>\u2022 \tNotas de salida: Jengibre, toronja, bergamota, salvia<br \/>\nUna apertura c\u00edtrica y especiada que despierta con energ\u00eda y frescura.<br \/>\n\u2022 \tNotas de coraz\u00f3n: Romero, geranio, notas acu\u00e1ticas<br \/>\nUn coraz\u00f3n herbal y ligeramente floral que aporta profundidad y serenidad.<br \/>\n\u2022 \tNotas de fondo: \u00c1mbar, ambroxan, l\u00e1dano<br \/>\nBase c\u00e1lida y envolvente que deja una estela duradera y seductora.<\/p>","protected":false},"featured_media":16529,"template":"","meta":[],"product_brand":[],"product_cat":[1766],"product_tag":[],"class_list":{"0":"post-16530","1":"product","2":"type-product","3":"status-publish","4":"has-post-thumbnail","6":"product_cat-perfumeria","8":"first","9":"instock","10":"shipping-taxable","11":"purchasable","12":"product-type-simple"},"aioseo_notices":[],"jetpack_sharing_enabled":true,"_links":{"self":[{"href":"https:\/\/underhaus.com\/en\/wp-json\/wp\/v2\/product\/16530","targetHints":{"allow":["GET"]}}],"collection":[{"href":"https:\/\/underhaus.com\/en\/wp-json\/wp\/v2\/product"}],"about":[{"href":"https:\/\/underhaus.com\/en\/wp-json\/wp\/v2\/types\/product"}],"wp:featuredmedia":[{"embeddable":true,"href":"https:\/\/underhaus.com\/en\/wp-json\/wp\/v2\/media\/16529"}],"wp:attachment":[{"href":"https:\/\/underhaus.com\/en\/wp-json\/wp\/v2\/media?parent=16530"}],"wp:term":[{"taxonomy":"product_brand","embeddable":true,"href":"https:\/\/underhaus.com\/en\/wp-json\/wp\/v2\/product_brand?post=16530"},{"taxonomy":"product_cat","embeddable":true,"href":"https:\/\/underhaus.com\/en\/wp-json\/wp\/v2\/product_cat?post=16530"},{"taxonomy":"product_tag","embeddable":true,"href":"https:\/\/underhaus.com\/en\/wp-json\/wp\/v2\/product_tag?post=16530"}],"curies":[{"name":"wp","href":"https:\/\/api.w.org\/{rel}","templated":true}]}}