{"id":16511,"date":"2025-09-21T21:27:39","date_gmt":"2025-09-21T21:27:39","guid":{"rendered":"https:\/\/underhaus.com\/producto\/perfume-al-wataniah-shagaf-al-ward-fem-100ml\/"},"modified":"2026-04-25T00:00:24","modified_gmt":"2026-04-25T00:00:24","slug":"perfume-al-wataniah-shagaf-al-ward-fem-100ml","status":"publish","type":"product","link":"https:\/\/underhaus.com\/en\/product\/perfume-al-wataniah-shagaf-al-ward-fem-100ml\/","title":{"rendered":"Perfume Al Wataniah Shagaf Al Ward Fem 100ml"},"content":{"rendered":"<p><span>Este perfume de Al Wataniah es una expresi\u00f3n sofisticada y envolvente de la elegancia y el misterio. Con una mezcla exquisita de notas orientales, florales y amaderadas, esta fragancia seduce los sentidos con su profundidad y su car\u00e1cter distintivo. La esencia distintiva de Al Wataniah se manifiesta en una composici\u00f3n olfativa que evoca la pasi\u00f3n y la sensualidad, dejando una estela inolvidable y envolvente que refleja la autenticidad y la belleza de la marca.<\/span><\/p>","protected":false},"excerpt":{"rendered":"<p>&#8211; Notas principal: Jazm\u00edn, osmanto (olivo oloroso) y rosa de mayo.<br \/>\n&#8211; Notas de coraz\u00f3n: Nardo de la India y narciso.<br \/>\n&#8211; Notas de base: \u00c1mbar y cedro.<br \/>\n&#8211; Contenido: 100ml.<br \/>\n&#8211; G\u00e9nero: Femenino.<\/p>","protected":false},"featured_media":16510,"template":"","meta":[],"product_brand":[],"product_cat":[1686],"product_tag":[],"class_list":{"0":"post-16511","1":"product","2":"type-product","3":"status-publish","4":"has-post-thumbnail","6":"product_cat-cosmetica","8":"first","9":"instock","10":"shipping-taxable","11":"purchasable","12":"product-type-simple"},"aioseo_notices":[],"jetpack_sharing_enabled":true,"_links":{"self":[{"href":"https:\/\/underhaus.com\/en\/wp-json\/wp\/v2\/product\/16511","targetHints":{"allow":["GET"]}}],"collection":[{"href":"https:\/\/underhaus.com\/en\/wp-json\/wp\/v2\/product"}],"about":[{"href":"https:\/\/underhaus.com\/en\/wp-json\/wp\/v2\/types\/product"}],"wp:featuredmedia":[{"embeddable":true,"href":"https:\/\/underhaus.com\/en\/wp-json\/wp\/v2\/media\/16510"}],"wp:attachment":[{"href":"https:\/\/underhaus.com\/en\/wp-json\/wp\/v2\/media?parent=16511"}],"wp:term":[{"taxonomy":"product_brand","embeddable":true,"href":"https:\/\/underhaus.com\/en\/wp-json\/wp\/v2\/product_brand?post=16511"},{"taxonomy":"product_cat","embeddable":true,"href":"https:\/\/underhaus.com\/en\/wp-json\/wp\/v2\/product_cat?post=16511"},{"taxonomy":"product_tag","embeddable":true,"href":"https:\/\/underhaus.com\/en\/wp-json\/wp\/v2\/product_tag?post=16511"}],"curies":[{"name":"wp","href":"https:\/\/api.w.org\/{rel}","templated":true}]}}