{"id":16490,"date":"2025-09-21T20:57:48","date_gmt":"2025-09-21T20:57:48","guid":{"rendered":"https:\/\/underhaus.com\/producto\/perfume-armaf-odyssey-femme-black-100ml\/"},"modified":"2025-11-20T00:00:22","modified_gmt":"2025-11-20T00:00:22","slug":"perfume-armaf-odyssey-femme-black-100ml","status":"publish","type":"product","link":"https:\/\/underhaus.com\/en\/product\/perfume-armaf-odyssey-femme-black-100ml\/","title":{"rendered":"Perfume Armaf Odyssey Femme Black 100ml"},"content":{"rendered":"<p><span>Este perfume de Armaf es una interpretaci\u00f3n audaz y envolvente de la elegancia y el estilo moderno. Con una armoniosa combinaci\u00f3n de notas amaderadas, especiadas y orientales, esta fragancia seduce los sentidos con su profundidad y su car\u00e1cter distintivo. La esencia distintiva de Armaf se manifiesta en una composici\u00f3n olfativa que evoca la pasi\u00f3n y la sensualidad, dejando una estela inolvidable y envolvente que refleja la autenticidad y la belleza de la marca.<\/span><\/p>","protected":false},"excerpt":{"rendered":"<p>&#8211; Notas principal: Caf\u00e9, lim\u00f3n, bergamota, almendras.<br \/>\n&#8211; Notas de coraz\u00f3n: Azahar, nardo, jazm\u00edn sambac, lirio, rosa.<br \/>\n&#8211; Notas de base: \u00c1mbar, vainilla, almizcle, pachul\u00ed, s\u00e1ndalo, canela, madera de cachemira, pralin\u00e9, cedro, haba tonka, vaina de cacao.<br \/>\n&#8211; Contenido: 100ml.<br \/>\n&#8211; G\u00e9nero: Femenino.<\/p>","protected":false},"featured_media":16488,"template":"","meta":[],"product_brand":[],"product_cat":[1686],"product_tag":[],"class_list":{"0":"post-16490","1":"product","2":"type-product","3":"status-publish","4":"has-post-thumbnail","6":"product_cat-cosmetica","8":"first","9":"instock","10":"shipping-taxable","11":"purchasable","12":"product-type-simple"},"aioseo_notices":[],"jetpack_sharing_enabled":true,"_links":{"self":[{"href":"https:\/\/underhaus.com\/en\/wp-json\/wp\/v2\/product\/16490","targetHints":{"allow":["GET"]}}],"collection":[{"href":"https:\/\/underhaus.com\/en\/wp-json\/wp\/v2\/product"}],"about":[{"href":"https:\/\/underhaus.com\/en\/wp-json\/wp\/v2\/types\/product"}],"wp:featuredmedia":[{"embeddable":true,"href":"https:\/\/underhaus.com\/en\/wp-json\/wp\/v2\/media\/16488"}],"wp:attachment":[{"href":"https:\/\/underhaus.com\/en\/wp-json\/wp\/v2\/media?parent=16490"}],"wp:term":[{"taxonomy":"product_brand","embeddable":true,"href":"https:\/\/underhaus.com\/en\/wp-json\/wp\/v2\/product_brand?post=16490"},{"taxonomy":"product_cat","embeddable":true,"href":"https:\/\/underhaus.com\/en\/wp-json\/wp\/v2\/product_cat?post=16490"},{"taxonomy":"product_tag","embeddable":true,"href":"https:\/\/underhaus.com\/en\/wp-json\/wp\/v2\/product_tag?post=16490"}],"curies":[{"name":"wp","href":"https:\/\/api.w.org\/{rel}","templated":true}]}}