{"id":16434,"date":"2025-08-19T19:58:49","date_gmt":"2025-08-19T19:58:49","guid":{"rendered":"https:\/\/underhaus.com\/producto\/glass-bong-wp300-banana-29cm\/"},"modified":"2026-02-10T00:00:15","modified_gmt":"2026-02-10T00:00:15","slug":"glass-bong-wp300-banana-29cm","status":"publish","type":"product","link":"https:\/\/underhaus.com\/en\/product\/glass-bong-wp300-banana-29cm\/","title":{"rendered":"Glass Bong  WP300 Banana 29cm"},"content":{"rendered":"<p>El bong 3D Banana tiene una forma \u00fanica y extravagante. Presenta un cuerpo elegante y curvo en forma de pl\u00e1tano, hecho de vidrio resistente, dise\u00f1ado para asemejarse a un pl\u00e1tano amarillo maduro. El tallo de pl\u00e1tano sirve como boquilla, mientras que el extremo opuesto alberga la base plana y resistente.<br \/>La curvatura del pl\u00e1tano no solo permite un agarre c\u00f3modo, sino que tambi\u00e9n cuenta con un tallo de vidrio extra\u00edble de 19 mm y un cono de vidrio de 14 mm.<br \/><span>&nbsp;<\/span><\/p>","protected":false},"excerpt":{"rendered":"<p>Especificaciones:<br \/>\n&#8211; Altura: 28 cm<br \/>\n&#8211; Dise\u00f1o popular de pl\u00e1tano<\/p>","protected":false},"featured_media":16433,"template":"","meta":[],"product_brand":[],"product_cat":[219],"product_tag":[],"class_list":{"0":"post-16434","1":"product","2":"type-product","3":"status-publish","4":"has-post-thumbnail","6":"product_cat-bongs","8":"first","9":"instock","10":"shipping-taxable","11":"purchasable","12":"product-type-simple"},"aioseo_notices":[],"jetpack_sharing_enabled":true,"_links":{"self":[{"href":"https:\/\/underhaus.com\/en\/wp-json\/wp\/v2\/product\/16434","targetHints":{"allow":["GET"]}}],"collection":[{"href":"https:\/\/underhaus.com\/en\/wp-json\/wp\/v2\/product"}],"about":[{"href":"https:\/\/underhaus.com\/en\/wp-json\/wp\/v2\/types\/product"}],"wp:featuredmedia":[{"embeddable":true,"href":"https:\/\/underhaus.com\/en\/wp-json\/wp\/v2\/media\/16433"}],"wp:attachment":[{"href":"https:\/\/underhaus.com\/en\/wp-json\/wp\/v2\/media?parent=16434"}],"wp:term":[{"taxonomy":"product_brand","embeddable":true,"href":"https:\/\/underhaus.com\/en\/wp-json\/wp\/v2\/product_brand?post=16434"},{"taxonomy":"product_cat","embeddable":true,"href":"https:\/\/underhaus.com\/en\/wp-json\/wp\/v2\/product_cat?post=16434"},{"taxonomy":"product_tag","embeddable":true,"href":"https:\/\/underhaus.com\/en\/wp-json\/wp\/v2\/product_tag?post=16434"}],"curies":[{"name":"wp","href":"https:\/\/api.w.org\/{rel}","templated":true}]}}