{"id":16408,"date":"2025-08-15T19:32:40","date_gmt":"2025-08-15T19:32:40","guid":{"rendered":"https:\/\/underhaus.com\/producto\/perfume-armaf-odyssey-homme-white-edition-100ml\/"},"modified":"2026-04-06T00:00:12","modified_gmt":"2026-04-06T00:00:12","slug":"perfume-armaf-odyssey-homme-white-edition-100ml","status":"publish","type":"product","link":"https:\/\/underhaus.com\/en\/product\/perfume-armaf-odyssey-homme-white-edition-100ml\/","title":{"rendered":"Perfume Armaf Odyssey Homme White Edition 100ml"},"content":{"rendered":"<p style=\"margin-left:0px;text-align:center\"><span>Odyssey Homme White es una<\/span> fragancia fresca y moderna con un car\u00e1cter vibrante y limpio. Abre con una explosi\u00f3n chispeante y especiada gracias a la pimienta rosa, equilibrada con el toque c\u00edtrico del yuzu y la toronja (pomelo).<\/p>","protected":false},"excerpt":{"rendered":"<p>Las Notas de Salida son: Pimienta rosa, pomelo y Yuzu.<br \/>\nLas notas de coraz\u00f3n son: Hojas de Violeta y Notas Oce\u00e1nicas.<br \/>\nLas Notas de Fondo son: \u00c1mbar, Amberwood y Madera de Guaiac.<br \/>\nGenero: Masculino<br \/>\nContiene: 100ml<\/p>","protected":false},"featured_media":16406,"template":"","meta":[],"product_brand":[],"product_cat":[1686],"product_tag":[],"class_list":{"0":"post-16408","1":"product","2":"type-product","3":"status-publish","4":"has-post-thumbnail","6":"product_cat-cosmetica","8":"first","9":"instock","10":"shipping-taxable","11":"purchasable","12":"product-type-simple"},"aioseo_notices":[],"jetpack_sharing_enabled":true,"_links":{"self":[{"href":"https:\/\/underhaus.com\/en\/wp-json\/wp\/v2\/product\/16408","targetHints":{"allow":["GET"]}}],"collection":[{"href":"https:\/\/underhaus.com\/en\/wp-json\/wp\/v2\/product"}],"about":[{"href":"https:\/\/underhaus.com\/en\/wp-json\/wp\/v2\/types\/product"}],"wp:featuredmedia":[{"embeddable":true,"href":"https:\/\/underhaus.com\/en\/wp-json\/wp\/v2\/media\/16406"}],"wp:attachment":[{"href":"https:\/\/underhaus.com\/en\/wp-json\/wp\/v2\/media?parent=16408"}],"wp:term":[{"taxonomy":"product_brand","embeddable":true,"href":"https:\/\/underhaus.com\/en\/wp-json\/wp\/v2\/product_brand?post=16408"},{"taxonomy":"product_cat","embeddable":true,"href":"https:\/\/underhaus.com\/en\/wp-json\/wp\/v2\/product_cat?post=16408"},{"taxonomy":"product_tag","embeddable":true,"href":"https:\/\/underhaus.com\/en\/wp-json\/wp\/v2\/product_tag?post=16408"}],"curies":[{"name":"wp","href":"https:\/\/api.w.org\/{rel}","templated":true}]}}