{"id":16393,"date":"2025-08-15T18:47:41","date_gmt":"2025-08-15T18:47:41","guid":{"rendered":"https:\/\/underhaus.com\/producto\/perfume-armaf-odyssey-limoni-fresh-100ml\/"},"modified":"2026-04-11T00:00:14","modified_gmt":"2026-04-11T00:00:14","slug":"perfume-armaf-odyssey-limoni-fresh-100ml","status":"publish","type":"product","link":"https:\/\/underhaus.com\/en\/product\/perfume-armaf-odyssey-limoni-fresh-100ml\/","title":{"rendered":"Perfume Armaf Odyssey Limoni Fresh 100ml"},"content":{"rendered":"<p style=\"text-align:justify\">\u00a1Prep\u00e1rate para refrescarte con el esp\u00edritu energizante de Odyssey Limoni ! Esta fragancia vigorizante ofrece una explosi\u00f3n de bondad floral c\u00edtrica, que te deja revitalizado y listo para aprovechar el d\u00eda<\/p>\n<p style=\"text-align:justify\"><span>Odyssey Limoni Fresh es una fragancia vigorizante que captura la esencia del verano. Con un estallido de frescas notas c\u00edtricas al principio, esta composici\u00f3n evoluciona hacia un coraz\u00f3n vibrante y especiado, con un toque de flor de azahar y notas marinas. El fondo suave y envolvente de \u00e1mbar y t\u00e9 proporciona una sensaci\u00f3n de confort y elegancia, ideal para d\u00edas soleados o tardes relajadas.<\/span><\/p>","protected":false},"excerpt":{"rendered":"<p>Notas de salida: Lim\u00f3n, naranja dulce, bergamota y mandarina<br \/>\nNotas de coraz\u00f3n: Jengibre, azahar y notas marinas<br \/>\nNotas de fondo: \u00c1mbar, almizcle y t\u00e9 azul<br \/>\nGenero: Unisex<br \/>\nContiene: 100ml<\/p>","protected":false},"featured_media":16391,"template":"","meta":[],"product_brand":[],"product_cat":[1686],"product_tag":[],"class_list":{"0":"post-16393","1":"product","2":"type-product","3":"status-publish","4":"has-post-thumbnail","6":"product_cat-cosmetica","8":"first","9":"instock","10":"shipping-taxable","11":"purchasable","12":"product-type-simple"},"aioseo_notices":[],"jetpack_sharing_enabled":true,"_links":{"self":[{"href":"https:\/\/underhaus.com\/en\/wp-json\/wp\/v2\/product\/16393","targetHints":{"allow":["GET"]}}],"collection":[{"href":"https:\/\/underhaus.com\/en\/wp-json\/wp\/v2\/product"}],"about":[{"href":"https:\/\/underhaus.com\/en\/wp-json\/wp\/v2\/types\/product"}],"wp:featuredmedia":[{"embeddable":true,"href":"https:\/\/underhaus.com\/en\/wp-json\/wp\/v2\/media\/16391"}],"wp:attachment":[{"href":"https:\/\/underhaus.com\/en\/wp-json\/wp\/v2\/media?parent=16393"}],"wp:term":[{"taxonomy":"product_brand","embeddable":true,"href":"https:\/\/underhaus.com\/en\/wp-json\/wp\/v2\/product_brand?post=16393"},{"taxonomy":"product_cat","embeddable":true,"href":"https:\/\/underhaus.com\/en\/wp-json\/wp\/v2\/product_cat?post=16393"},{"taxonomy":"product_tag","embeddable":true,"href":"https:\/\/underhaus.com\/en\/wp-json\/wp\/v2\/product_tag?post=16393"}],"curies":[{"name":"wp","href":"https:\/\/api.w.org\/{rel}","templated":true}]}}