{"id":16372,"date":"2025-08-06T23:10:22","date_gmt":"2025-08-06T23:10:22","guid":{"rendered":"https:\/\/underhaus.com\/producto\/perfume-armaf-odyssey-spectra-rainbow-100ml\/"},"modified":"2026-04-11T00:00:14","modified_gmt":"2026-04-11T00:00:14","slug":"perfume-armaf-odyssey-spectra-rainbow-100ml","status":"publish","type":"product","link":"https:\/\/underhaus.com\/en\/product\/perfume-armaf-odyssey-spectra-rainbow-100ml\/","title":{"rendered":"Perfume Armaf Odyssey Spectra Rainbow 100ml"},"content":{"rendered":"<p><span>Descubra el encanto vibrante de Armaf Odyssey Spectra EDP, Rainbow Edition. Una cautivadora combinaci\u00f3n de melocot\u00f3n, jazm\u00edn, caramelo, \u00e1mbar y almizcle para un aroma c\u00e1lido y acogedor.<\/span><\/p>\n<p><span>Odyssey Spectra es una fragancia compleja y bien equilibrada, ideal para quienes buscan un aroma que combine frescura y calidez con un toque de misterio<\/span><\/p>","protected":false},"excerpt":{"rendered":"<p>Notas de Salida: Canela, Manzana y Bergamota<br \/>\nNota media: Canela, Lavanda, Lirio del Valle y Azahar<br \/>\nNotas de Fondo: Tabaco, Frijol Tonka, Vainilla, \u00c1mbar y Pachul\u00ed<br \/>\nGenero: Masculino<br \/>\nContiene: 100ml<\/p>","protected":false},"featured_media":16370,"template":"","meta":[],"product_brand":[],"product_cat":[1686],"product_tag":[],"class_list":{"0":"post-16372","1":"product","2":"type-product","3":"status-publish","4":"has-post-thumbnail","6":"product_cat-cosmetica","8":"first","9":"instock","10":"shipping-taxable","11":"purchasable","12":"product-type-simple"},"aioseo_notices":[],"jetpack_sharing_enabled":true,"_links":{"self":[{"href":"https:\/\/underhaus.com\/en\/wp-json\/wp\/v2\/product\/16372","targetHints":{"allow":["GET"]}}],"collection":[{"href":"https:\/\/underhaus.com\/en\/wp-json\/wp\/v2\/product"}],"about":[{"href":"https:\/\/underhaus.com\/en\/wp-json\/wp\/v2\/types\/product"}],"wp:featuredmedia":[{"embeddable":true,"href":"https:\/\/underhaus.com\/en\/wp-json\/wp\/v2\/media\/16370"}],"wp:attachment":[{"href":"https:\/\/underhaus.com\/en\/wp-json\/wp\/v2\/media?parent=16372"}],"wp:term":[{"taxonomy":"product_brand","embeddable":true,"href":"https:\/\/underhaus.com\/en\/wp-json\/wp\/v2\/product_brand?post=16372"},{"taxonomy":"product_cat","embeddable":true,"href":"https:\/\/underhaus.com\/en\/wp-json\/wp\/v2\/product_cat?post=16372"},{"taxonomy":"product_tag","embeddable":true,"href":"https:\/\/underhaus.com\/en\/wp-json\/wp\/v2\/product_tag?post=16372"}],"curies":[{"name":"wp","href":"https:\/\/api.w.org\/{rel}","templated":true}]}}