{"id":16366,"date":"2025-08-06T22:40:24","date_gmt":"2025-08-06T22:40:24","guid":{"rendered":"https:\/\/underhaus.com\/producto\/perfume-armaf-odyssey-tyrant-edp-100ml\/"},"modified":"2026-01-05T00:00:11","modified_gmt":"2026-01-05T00:00:11","slug":"perfume-armaf-odyssey-tyrant-edp-100ml","status":"publish","type":"product","link":"https:\/\/underhaus.com\/en\/product\/perfume-armaf-odyssey-tyrant-edp-100ml\/","title":{"rendered":"Perfume Armaf Odyssey Tyrant EDP 100ml"},"content":{"rendered":"<p>La Edici\u00f3n Especial Odyssey Tyrant se abre con vigorizantes notas de salida de pomelo y c\u00edtricos, ofreciendo una explosi\u00f3n refrescante que cautiva los sentidos al instante.A medida que la fragancia se desarrolla, emergen las notas de coraz\u00f3n de elem\u00ed, lavanda, geranio y pimienta, aportando un car\u00e1cter floral complejo y especiado, tan atractivo como distintivo. <span>, <\/span><strong>Odyssey Tyrant Special Edition<\/strong><span> garantiza una <\/span><strong>experiencia olfativa inolvidable<\/strong><span> para los amantes de los aromas refinados y distintivos.<\/span><\/p>","protected":false},"excerpt":{"rendered":"<p>Notas de salida: Toronja, C\u00edtricos<br \/>\nNotas de Coraz\u00f3n: Elemi, Lavanda, Geranio, Pimienta<br \/>\nNotas de Fondo: Ambroxan, Cedro, Notas Amaderadas, Vetiver<br \/>\nGenero: Masculino<br \/>\nContiene: 100ml<\/p>","protected":false},"featured_media":16364,"template":"","meta":[],"product_brand":[],"product_cat":[1686],"product_tag":[],"class_list":{"0":"post-16366","1":"product","2":"type-product","3":"status-publish","4":"has-post-thumbnail","6":"product_cat-cosmetica","8":"first","9":"instock","10":"shipping-taxable","11":"purchasable","12":"product-type-simple"},"aioseo_notices":[],"jetpack_sharing_enabled":true,"_links":{"self":[{"href":"https:\/\/underhaus.com\/en\/wp-json\/wp\/v2\/product\/16366","targetHints":{"allow":["GET"]}}],"collection":[{"href":"https:\/\/underhaus.com\/en\/wp-json\/wp\/v2\/product"}],"about":[{"href":"https:\/\/underhaus.com\/en\/wp-json\/wp\/v2\/types\/product"}],"wp:featuredmedia":[{"embeddable":true,"href":"https:\/\/underhaus.com\/en\/wp-json\/wp\/v2\/media\/16364"}],"wp:attachment":[{"href":"https:\/\/underhaus.com\/en\/wp-json\/wp\/v2\/media?parent=16366"}],"wp:term":[{"taxonomy":"product_brand","embeddable":true,"href":"https:\/\/underhaus.com\/en\/wp-json\/wp\/v2\/product_brand?post=16366"},{"taxonomy":"product_cat","embeddable":true,"href":"https:\/\/underhaus.com\/en\/wp-json\/wp\/v2\/product_cat?post=16366"},{"taxonomy":"product_tag","embeddable":true,"href":"https:\/\/underhaus.com\/en\/wp-json\/wp\/v2\/product_tag?post=16366"}],"curies":[{"name":"wp","href":"https:\/\/api.w.org\/{rel}","templated":true}]}}