{"id":16339,"date":"2025-07-24T20:45:05","date_gmt":"2025-07-24T20:45:05","guid":{"rendered":"https:\/\/underhaus.com\/producto\/victoria-secret-splash-shimmer-coconut-250ml\/"},"modified":"2025-10-11T00:00:16","modified_gmt":"2025-10-11T00:00:16","slug":"victoria-secret-splash-shimmer-coconut-250ml","status":"publish","type":"product","link":"https:\/\/underhaus.com\/en\/product\/victoria-secret-splash-shimmer-coconut-250ml\/","title":{"rendered":"Victoria Secret Splash Shimmer Coconut 250ml"},"content":{"rendered":"<p><span>Un refrescante y tropical aroma que combina notas de coco cremoso, frutas ex\u00f3ticas y un ligero toque de vainilla, creando una sinfon\u00eda olfativa ideal para los d\u00edas soleados.<\/span><\/p>\n<p><span>Frutal y floral, evocando la brisa del mar y la calidez del sol, ideal para quienes buscan un toque de frescura y alegr\u00eda en su d\u00eda a d\u00eda.<\/span><\/p>\n<p><span>&nbsp;Perfecto para climas c\u00e1lidos y soleados, lo convierte en el aliado ideal para la primavera y el verano.<\/span><\/p>\n<p>Genero: Femenno&nbsp;<\/p>\n<p>Tama\u00f1o: 250ml<br \/>&nbsp;<\/p>","protected":false},"excerpt":{"rendered":"<p>Victoria Secrets Splash Shimmer Coconut  es como un d\u00eda soleado en una botella: c\u00e1lido, brillante y deliciosamente tropical<\/p>","protected":false},"featured_media":16338,"template":"","meta":[],"product_brand":[],"product_cat":[1686],"product_tag":[],"class_list":{"0":"post-16339","1":"product","2":"type-product","3":"status-publish","4":"has-post-thumbnail","6":"product_cat-cosmetica","8":"first","9":"outofstock","10":"shipping-taxable","11":"purchasable","12":"product-type-simple"},"aioseo_notices":[],"jetpack_sharing_enabled":true,"_links":{"self":[{"href":"https:\/\/underhaus.com\/en\/wp-json\/wp\/v2\/product\/16339","targetHints":{"allow":["GET"]}}],"collection":[{"href":"https:\/\/underhaus.com\/en\/wp-json\/wp\/v2\/product"}],"about":[{"href":"https:\/\/underhaus.com\/en\/wp-json\/wp\/v2\/types\/product"}],"wp:featuredmedia":[{"embeddable":true,"href":"https:\/\/underhaus.com\/en\/wp-json\/wp\/v2\/media\/16338"}],"wp:attachment":[{"href":"https:\/\/underhaus.com\/en\/wp-json\/wp\/v2\/media?parent=16339"}],"wp:term":[{"taxonomy":"product_brand","embeddable":true,"href":"https:\/\/underhaus.com\/en\/wp-json\/wp\/v2\/product_brand?post=16339"},{"taxonomy":"product_cat","embeddable":true,"href":"https:\/\/underhaus.com\/en\/wp-json\/wp\/v2\/product_cat?post=16339"},{"taxonomy":"product_tag","embeddable":true,"href":"https:\/\/underhaus.com\/en\/wp-json\/wp\/v2\/product_tag?post=16339"}],"curies":[{"name":"wp","href":"https:\/\/api.w.org\/{rel}","templated":true}]}}