{"id":16309,"date":"2025-07-23T22:30:09","date_gmt":"2025-07-23T22:30:09","guid":{"rendered":"https:\/\/underhaus.com\/producto\/perfume-lattafa-ajayeb-dubai-black-100ml\/"},"modified":"2026-03-28T18:50:32","modified_gmt":"2026-03-28T18:50:32","slug":"perfume-lattafa-ajayeb-dubai-black-100ml","status":"publish","type":"product","link":"https:\/\/underhaus.com\/en\/product\/perfume-lattafa-ajayeb-dubai-black-100ml\/","title":{"rendered":"Perfume Lattafa Ajayeb Dubai Black 100ml"},"content":{"rendered":"<p><span>Ajayeb Dubai Black \u00a0<\/span>es una fragancia intrigante y lujosa que combina el atractivo ex\u00f3tico del azafr\u00e1n y la pi\u00f1a con la profunda riqueza del caf\u00e9 y la dulzura reconfortante de la vainilla y el caramelo, creando una experiencia olfativa encantadora y cautivadora, Ajayeb Dubai \u00a0pertenece a la familia de fragancias Oriental Gourmand. Con su irresistible mezcla de notas ex\u00f3ticas y dulces, garantiza una experiencia cautivadora e indulgente, por lo que es una opci\u00f3n perfecta para aquellos que buscan un aroma \u00fanico y memorable.<\/p>","protected":false},"excerpt":{"rendered":"<p>Notas de Salida: Azafr\u00e1n y Pi\u00f1a<br \/>\nNotas medias: Caf\u00e9 ar\u00e1bica y hojas de violeta<br \/>\nNotas de Fondo: S\u00e1ndalo, Butterscotch y Vainilla<br \/>\nAdecuado para todo el tiempo<br \/>\nGenero: Unisex.<\/p>","protected":false},"featured_media":16307,"template":"","meta":[],"product_brand":[],"product_cat":[1686],"product_tag":[],"class_list":{"0":"post-16309","1":"product","2":"type-product","3":"status-publish","4":"has-post-thumbnail","6":"product_cat-cosmetica","8":"first","9":"instock","10":"shipping-taxable","11":"purchasable","12":"product-type-simple"},"aioseo_notices":[],"jetpack_sharing_enabled":true,"_links":{"self":[{"href":"https:\/\/underhaus.com\/en\/wp-json\/wp\/v2\/product\/16309","targetHints":{"allow":["GET"]}}],"collection":[{"href":"https:\/\/underhaus.com\/en\/wp-json\/wp\/v2\/product"}],"about":[{"href":"https:\/\/underhaus.com\/en\/wp-json\/wp\/v2\/types\/product"}],"wp:featuredmedia":[{"embeddable":true,"href":"https:\/\/underhaus.com\/en\/wp-json\/wp\/v2\/media\/16307"}],"wp:attachment":[{"href":"https:\/\/underhaus.com\/en\/wp-json\/wp\/v2\/media?parent=16309"}],"wp:term":[{"taxonomy":"product_brand","embeddable":true,"href":"https:\/\/underhaus.com\/en\/wp-json\/wp\/v2\/product_brand?post=16309"},{"taxonomy":"product_cat","embeddable":true,"href":"https:\/\/underhaus.com\/en\/wp-json\/wp\/v2\/product_cat?post=16309"},{"taxonomy":"product_tag","embeddable":true,"href":"https:\/\/underhaus.com\/en\/wp-json\/wp\/v2\/product_tag?post=16309"}],"curies":[{"name":"wp","href":"https:\/\/api.w.org\/{rel}","templated":true}]}}