{"id":16300,"date":"2025-07-23T22:00:10","date_gmt":"2025-07-23T22:00:10","guid":{"rendered":"https:\/\/underhaus.com\/producto\/perfume-asdaaf-andaleeb-edp-100ml\/"},"modified":"2025-09-08T00:00:21","modified_gmt":"2025-09-08T00:00:21","slug":"perfume-asdaaf-andaleeb-edp-100ml","status":"publish","type":"product","link":"https:\/\/underhaus.com\/en\/product\/perfume-asdaaf-andaleeb-edp-100ml\/","title":{"rendered":"Perfume Asdaaf Andaleeb EDP 100ml"},"content":{"rendered":"<p><span>Andaleeb Asdaaf Eau de Parfum de Lattafa \u00a0presenta una composici\u00f3n cremosa, floral y afrutada llena de sofisticaci\u00f3n. La nota de salida se abre afrutada y jugosa con notas de naranja, mandarina y bergamota. El jazm\u00edn y las rosas llenan la nota floral del coraz\u00f3n. El pachul\u00ed, el s\u00e1ndalo, el vetiver y el almizcle en la nota base forman el marco perfecto y final. El perfume Andaleeb (ruise\u00f1or) es una fragancia elegante, alegre y positiva que te pone de buen humor y es muy adecuada para el uso diario.\u00a0<\/span><\/p>","protected":false},"excerpt":{"rendered":"<p>Al Andaleeb de Asdaaf es una fragancia Chypre Floral para mujeres y hombres<br \/>\nNotas de Salida: Naranja, Mandarina y Bergamota<br \/>\nNotas medias: Jazm\u00edn y Rosa<br \/>\nNota de Fondo: Pachul\u00ed, S\u00e1ndalo y Vetiver<\/p>","protected":false},"featured_media":16298,"template":"","meta":[],"product_brand":[],"product_cat":[1686],"product_tag":[],"class_list":{"0":"post-16300","1":"product","2":"type-product","3":"status-publish","4":"has-post-thumbnail","6":"product_cat-cosmetica","8":"first","9":"instock","10":"shipping-taxable","11":"purchasable","12":"product-type-simple"},"aioseo_notices":[],"jetpack_sharing_enabled":true,"_links":{"self":[{"href":"https:\/\/underhaus.com\/en\/wp-json\/wp\/v2\/product\/16300","targetHints":{"allow":["GET"]}}],"collection":[{"href":"https:\/\/underhaus.com\/en\/wp-json\/wp\/v2\/product"}],"about":[{"href":"https:\/\/underhaus.com\/en\/wp-json\/wp\/v2\/types\/product"}],"wp:featuredmedia":[{"embeddable":true,"href":"https:\/\/underhaus.com\/en\/wp-json\/wp\/v2\/media\/16298"}],"wp:attachment":[{"href":"https:\/\/underhaus.com\/en\/wp-json\/wp\/v2\/media?parent=16300"}],"wp:term":[{"taxonomy":"product_brand","embeddable":true,"href":"https:\/\/underhaus.com\/en\/wp-json\/wp\/v2\/product_brand?post=16300"},{"taxonomy":"product_cat","embeddable":true,"href":"https:\/\/underhaus.com\/en\/wp-json\/wp\/v2\/product_cat?post=16300"},{"taxonomy":"product_tag","embeddable":true,"href":"https:\/\/underhaus.com\/en\/wp-json\/wp\/v2\/product_tag?post=16300"}],"curies":[{"name":"wp","href":"https:\/\/api.w.org\/{rel}","templated":true}]}}