{"id":16297,"date":"2025-07-23T22:00:05","date_gmt":"2025-07-23T22:00:05","guid":{"rendered":"https:\/\/underhaus.com\/producto\/perfume-lattafa-opulente-oud-edp-100ml\/"},"modified":"2025-07-23T22:44:51","modified_gmt":"2025-07-23T22:44:51","slug":"perfume-lattafa-opulente-oud-edp-100ml","status":"publish","type":"product","link":"https:\/\/underhaus.com\/en\/product\/perfume-lattafa-opulente-oud-edp-100ml\/","title":{"rendered":"Perfume Lattafa Opulente Oud EDP 100ml"},"content":{"rendered":"<p><span>Perfume Opulent Oud Eau de Parfum de Lattafa Perfumes es un perfume oscuro y dulce picante con un Oudh amaderado. La nota de salida tiene un car\u00e1cter agradablemente fresco con notas c\u00edtricas, florales y azafr\u00e1n. \u00c1mbar, Oudh y caramelo forman la nota de coraz\u00f3n, que es c\u00e1lida y exuberante Resinas, almizcle, notas amaderadas, pachul\u00ed y vainilla forman la base. Un perfume que se basa en la totalidad e impresiona con sus aromas oscuros y seductores.<\/span><\/p>","protected":false},"excerpt":{"rendered":"<p>Opulent Oud de Lattafa Perfumes es una fragancia oriental para mujeres y hombres<br \/>\nNotas de Salida: Azafr\u00e1n, Notas Florales y C\u00edtricos<br \/>\nNotas medias: Madera de agar (bueo), \u00e1mbar y caramelo<br \/>\nNotas de Fondo: Resinas, Notas Woodsy, Vainilla, Pachul\u00ed y Almizcle<br \/>\nFragancia de larga duraci\u00f3n.<\/p>","protected":false},"featured_media":16295,"template":"","meta":[],"product_brand":[],"product_cat":[1686],"product_tag":[],"class_list":{"0":"post-16297","1":"product","2":"type-product","3":"status-publish","4":"has-post-thumbnail","6":"product_cat-cosmetica","8":"first","9":"instock","10":"shipping-taxable","11":"purchasable","12":"product-type-simple"},"aioseo_notices":[],"jetpack_sharing_enabled":true,"_links":{"self":[{"href":"https:\/\/underhaus.com\/en\/wp-json\/wp\/v2\/product\/16297","targetHints":{"allow":["GET"]}}],"collection":[{"href":"https:\/\/underhaus.com\/en\/wp-json\/wp\/v2\/product"}],"about":[{"href":"https:\/\/underhaus.com\/en\/wp-json\/wp\/v2\/types\/product"}],"wp:featuredmedia":[{"embeddable":true,"href":"https:\/\/underhaus.com\/en\/wp-json\/wp\/v2\/media\/16295"}],"wp:attachment":[{"href":"https:\/\/underhaus.com\/en\/wp-json\/wp\/v2\/media?parent=16297"}],"wp:term":[{"taxonomy":"product_brand","embeddable":true,"href":"https:\/\/underhaus.com\/en\/wp-json\/wp\/v2\/product_brand?post=16297"},{"taxonomy":"product_cat","embeddable":true,"href":"https:\/\/underhaus.com\/en\/wp-json\/wp\/v2\/product_cat?post=16297"},{"taxonomy":"product_tag","embeddable":true,"href":"https:\/\/underhaus.com\/en\/wp-json\/wp\/v2\/product_tag?post=16297"}],"curies":[{"name":"wp","href":"https:\/\/api.w.org\/{rel}","templated":true}]}}