{"id":16252,"date":"2025-07-13T21:05:01","date_gmt":"2025-07-13T21:05:01","guid":{"rendered":"https:\/\/underhaus.com\/producto\/al-haramain-detour-exclusif-100ml\/"},"modified":"2026-04-28T00:00:13","modified_gmt":"2026-04-28T00:00:13","slug":"al-haramain-detour-exclusif-100ml","status":"publish","type":"product","link":"https:\/\/underhaus.com\/en\/product\/al-haramain-detour-exclusif-100ml\/","title":{"rendered":"Al Haramain Detour Exclusif 100ml"},"content":{"rendered":"<p>Descubri el equilibrio perfecto entre elegancia, msterio y distincion con<strong> Detour Noir Exclusif. <\/strong>Una fragancia intensa, sofisticada y duradera, ideal para aquellos que buscan dejar huella.<\/p>","protected":false},"excerpt":{"rendered":"<p>Notas de Coraz\u00f3n son algalia (civet), geranio, rosa, nen\u00fafar (lirio de agua) y gardenia<br \/>\nNotas de Fondo son Oud laosiano, madera de gaiac, vainilla, hojas de pachul\u00ed de Indonesia, s\u00e1ndalo, \u00e1mbar, musgo de roble, caf\u00e9 y pimienta rosa.<br \/>\n Notas de Salida son almendra, mandarina<br \/>\ncontiene: 100ml<br \/>\nGenero; unisex<\/p>","protected":false},"featured_media":16251,"template":"","meta":[],"product_brand":[],"product_cat":[1686],"product_tag":[],"class_list":{"0":"post-16252","1":"product","2":"type-product","3":"status-publish","4":"has-post-thumbnail","6":"product_cat-cosmetica","8":"first","9":"instock","10":"shipping-taxable","11":"purchasable","12":"product-type-simple"},"aioseo_notices":[],"jetpack_sharing_enabled":true,"_links":{"self":[{"href":"https:\/\/underhaus.com\/en\/wp-json\/wp\/v2\/product\/16252","targetHints":{"allow":["GET"]}}],"collection":[{"href":"https:\/\/underhaus.com\/en\/wp-json\/wp\/v2\/product"}],"about":[{"href":"https:\/\/underhaus.com\/en\/wp-json\/wp\/v2\/types\/product"}],"wp:featuredmedia":[{"embeddable":true,"href":"https:\/\/underhaus.com\/en\/wp-json\/wp\/v2\/media\/16251"}],"wp:attachment":[{"href":"https:\/\/underhaus.com\/en\/wp-json\/wp\/v2\/media?parent=16252"}],"wp:term":[{"taxonomy":"product_brand","embeddable":true,"href":"https:\/\/underhaus.com\/en\/wp-json\/wp\/v2\/product_brand?post=16252"},{"taxonomy":"product_cat","embeddable":true,"href":"https:\/\/underhaus.com\/en\/wp-json\/wp\/v2\/product_cat?post=16252"},{"taxonomy":"product_tag","embeddable":true,"href":"https:\/\/underhaus.com\/en\/wp-json\/wp\/v2\/product_tag?post=16252"}],"curies":[{"name":"wp","href":"https:\/\/api.w.org\/{rel}","templated":true}]}}