{"id":16250,"date":"2025-07-13T20:49:51","date_gmt":"2025-07-13T20:49:51","guid":{"rendered":"https:\/\/underhaus.com\/producto\/al-haramain-detour-noir-100ml\/"},"modified":"2026-03-13T00:00:18","modified_gmt":"2026-03-13T00:00:18","slug":"al-haramain-detour-noir-100ml","status":"publish","type":"product","link":"https:\/\/underhaus.com\/en\/product\/al-haramain-detour-noir-100ml\/","title":{"rendered":"Al Haramain Detour Noir 100ml"},"content":{"rendered":"<p><span>Representan la perfecta fusi\u00f3n entre la tradici\u00f3n y la innovaci\u00f3n en la perfumer\u00eda \u00e1rabe, ofreciendo una amplia gama de fragancias que destacan por su sofisticaci\u00f3n, calidad y originalidad.<\/span><\/p>\n<p><span>Sus perfumes se caracterizan por el uso de ingredientes de alta calidad, como el oud, el \u00e1mbar, el s\u00e1ndalo y las especias ex\u00f3ticas, que aportan profundidad y sofisticaci\u00f3n a cada fragancia.<\/span><\/p>","protected":false},"excerpt":{"rendered":"<p>&#8211; Notas principales: Almendra, jazm\u00edn, cipr\u00e9s.<br \/>\n&#8211; Notas de coraz\u00f3n: \u00c1mbar, cedro, heliotropo.<br \/>\n&#8211; Notas de base: Vainilla, almizcle, s\u00e1ndalo.<br \/>\n&#8211; Contenido: 100 ml.<br \/>\n&#8211; G\u00e9nero: Masculino.<\/p>","protected":false},"featured_media":16249,"template":"","meta":[],"product_brand":[],"product_cat":[1686],"product_tag":[],"class_list":{"0":"post-16250","1":"product","2":"type-product","3":"status-publish","4":"has-post-thumbnail","6":"product_cat-cosmetica","8":"first","9":"instock","10":"shipping-taxable","11":"purchasable","12":"product-type-simple"},"aioseo_notices":[],"jetpack_sharing_enabled":true,"_links":{"self":[{"href":"https:\/\/underhaus.com\/en\/wp-json\/wp\/v2\/product\/16250","targetHints":{"allow":["GET"]}}],"collection":[{"href":"https:\/\/underhaus.com\/en\/wp-json\/wp\/v2\/product"}],"about":[{"href":"https:\/\/underhaus.com\/en\/wp-json\/wp\/v2\/types\/product"}],"wp:featuredmedia":[{"embeddable":true,"href":"https:\/\/underhaus.com\/en\/wp-json\/wp\/v2\/media\/16249"}],"wp:attachment":[{"href":"https:\/\/underhaus.com\/en\/wp-json\/wp\/v2\/media?parent=16250"}],"wp:term":[{"taxonomy":"product_brand","embeddable":true,"href":"https:\/\/underhaus.com\/en\/wp-json\/wp\/v2\/product_brand?post=16250"},{"taxonomy":"product_cat","embeddable":true,"href":"https:\/\/underhaus.com\/en\/wp-json\/wp\/v2\/product_cat?post=16250"},{"taxonomy":"product_tag","embeddable":true,"href":"https:\/\/underhaus.com\/en\/wp-json\/wp\/v2\/product_tag?post=16250"}],"curies":[{"name":"wp","href":"https:\/\/api.w.org\/{rel}","templated":true}]}}