{"id":16219,"date":"2025-06-24T17:10:05","date_gmt":"2025-06-24T17:10:05","guid":{"rendered":"https:\/\/underhaus.com\/producto\/desodorante-lattafa-fakhar-femme-200ml\/"},"modified":"2025-06-29T19:31:17","modified_gmt":"2025-06-29T19:31:17","slug":"desodorante-lattafa-fakhar-femme-200ml","status":"publish","type":"product","link":"https:\/\/underhaus.com\/en\/product\/desodorante-lattafa-fakhar-femme-200ml\/","title":{"rendered":"Desodorante  Lattafa Fakhar Femme 200ml"},"content":{"rendered":"<p style=\"margin-left:0px\"><span>Es una fragancia de la familia olfativa Floral.\u00a0<\/span><\/p>\n<p style=\"margin-left:0px\"><span>\u00a0Las Notas de Salida son frutas, azucena, granada y aldeh\u00eddos; las Notas de Coraz\u00f3n son nardos, jazm\u00edn, gardenia, ylang-ylang, madreselva, peon\u00eda y rosa; las Notas de Fondo son vainilla, ambroxan, almizcle blanco y s\u00e1ndalo.<\/span><\/p>","protected":false},"excerpt":{"rendered":"<p>Fakhar Rose Body Spray es una version ligera y refrescante, dise\u00f1ado para mujeres que buscan una fragancia elegante, romantica y femenina<\/p>","protected":false},"featured_media":16224,"template":"","meta":[],"product_brand":[],"product_cat":[1686],"product_tag":[],"class_list":{"0":"post-16219","1":"product","2":"type-product","3":"status-publish","4":"has-post-thumbnail","6":"product_cat-cosmetica","8":"first","9":"instock","10":"shipping-taxable","11":"purchasable","12":"product-type-simple"},"aioseo_notices":[],"jetpack_sharing_enabled":true,"_links":{"self":[{"href":"https:\/\/underhaus.com\/en\/wp-json\/wp\/v2\/product\/16219","targetHints":{"allow":["GET"]}}],"collection":[{"href":"https:\/\/underhaus.com\/en\/wp-json\/wp\/v2\/product"}],"about":[{"href":"https:\/\/underhaus.com\/en\/wp-json\/wp\/v2\/types\/product"}],"wp:featuredmedia":[{"embeddable":true,"href":"https:\/\/underhaus.com\/en\/wp-json\/wp\/v2\/media\/16224"}],"wp:attachment":[{"href":"https:\/\/underhaus.com\/en\/wp-json\/wp\/v2\/media?parent=16219"}],"wp:term":[{"taxonomy":"product_brand","embeddable":true,"href":"https:\/\/underhaus.com\/en\/wp-json\/wp\/v2\/product_brand?post=16219"},{"taxonomy":"product_cat","embeddable":true,"href":"https:\/\/underhaus.com\/en\/wp-json\/wp\/v2\/product_cat?post=16219"},{"taxonomy":"product_tag","embeddable":true,"href":"https:\/\/underhaus.com\/en\/wp-json\/wp\/v2\/product_tag?post=16219"}],"curies":[{"name":"wp","href":"https:\/\/api.w.org\/{rel}","templated":true}]}}