{"id":16216,"date":"2025-06-24T16:40:17","date_gmt":"2025-06-24T16:40:17","guid":{"rendered":"https:\/\/underhaus.com\/producto\/karseell-maca-essence-repair-travel-set\/"},"modified":"2026-03-13T00:00:17","modified_gmt":"2026-03-13T00:00:17","slug":"karseell-maca-essence-repair-travel-set","status":"publish","type":"product","link":"https:\/\/underhaus.com\/en\/product\/karseell-maca-essence-repair-travel-set\/","title":{"rendered":"Karseell Maca Essence Repair Travel Set"},"content":{"rendered":"<p><strong>\u2013 Edici\u00f3n:<\/strong> Col\u00e1geno.<\/p>\n<p><strong>\u2013 Efectos:<\/strong> Brillo, restauraci\u00f3n y suavidad.<\/p>\n<p><strong>\u2013 Formato:<\/strong> Crema<\/p>\n<p><strong>\u2013 Contenido:<\/strong> 500ml.<br \/>\n<strong>F\u00f3rmula:<\/strong><\/p>\n<p>\u2013 Derivado de prote\u00edna de trigo.<\/p>\n<p>\u2013 Maca Essence.<\/p>\n<p>\u2013 \u00d3leo de Arg\u00e1n.<\/p>\n<p>\u2013 Ceramida.<\/p>\n<p>\u2013 Col\u00e1geno.<\/p>","protected":false},"excerpt":{"rendered":"<p>La m\u00e1scara Karseell con Col\u00e1geno es un tratamiento revitalizante dise\u00f1ado para mejorar la salud y la apariencia del cabello. Enriquecida con col\u00e1geno, esta mascarilla proporciona una nutrici\u00f3n profunda que fortalece y rejuvenece los mechones desde la ra\u00edz hasta las puntas. Su f\u00f3rmula avanzada ayuda a restaurar la elasticidad y la suavidad del cabello, dej\u00e1ndolo brillante y sedoso al tacto.<\/p>","protected":false},"featured_media":0,"template":"","meta":[],"product_brand":[],"product_cat":[1686],"product_tag":[],"class_list":{"0":"post-16216","1":"product","2":"type-product","3":"status-publish","5":"product_cat-cosmetica","7":"first","8":"instock","9":"shipping-taxable","10":"purchasable","11":"product-type-simple"},"aioseo_notices":[],"jetpack_sharing_enabled":true,"_links":{"self":[{"href":"https:\/\/underhaus.com\/en\/wp-json\/wp\/v2\/product\/16216","targetHints":{"allow":["GET"]}}],"collection":[{"href":"https:\/\/underhaus.com\/en\/wp-json\/wp\/v2\/product"}],"about":[{"href":"https:\/\/underhaus.com\/en\/wp-json\/wp\/v2\/types\/product"}],"wp:attachment":[{"href":"https:\/\/underhaus.com\/en\/wp-json\/wp\/v2\/media?parent=16216"}],"wp:term":[{"taxonomy":"product_brand","embeddable":true,"href":"https:\/\/underhaus.com\/en\/wp-json\/wp\/v2\/product_brand?post=16216"},{"taxonomy":"product_cat","embeddable":true,"href":"https:\/\/underhaus.com\/en\/wp-json\/wp\/v2\/product_cat?post=16216"},{"taxonomy":"product_tag","embeddable":true,"href":"https:\/\/underhaus.com\/en\/wp-json\/wp\/v2\/product_tag?post=16216"}],"curies":[{"name":"wp","href":"https:\/\/api.w.org\/{rel}","templated":true}]}}