{"id":16209,"date":"2025-06-22T18:25:11","date_gmt":"2025-06-22T18:25:11","guid":{"rendered":"https:\/\/underhaus.com\/producto\/perfume-lattafa-musamam-black-100ml\/"},"modified":"2026-03-13T00:00:17","modified_gmt":"2026-03-13T00:00:17","slug":"perfume-lattafa-musamam-black-100ml","status":"publish","type":"product","link":"https:\/\/underhaus.com\/en\/product\/perfume-lattafa-musamam-black-100ml\/","title":{"rendered":"Perfume Lattafa Musamam Black 100ml"},"content":{"rendered":"<p><strong>Musamam<\/strong><span> de <\/span><strong>Lattafa Perfumes<\/strong><span> es una fragancia de la familia olfativa Amaderada Arom\u00e1tica para Hombres y Mujeres.<\/span><\/p>","protected":false},"excerpt":{"rendered":"<p>Las Notas de Salida son azafr\u00e1n, lavanda y mandarina italiana<br \/>\nLas Notas de Coraz\u00f3n son Amberwood, cedro de Virginia y geranio<br \/>\nLas Notas de Fondo son Akigalawood, incienso y l\u00e1dano<br \/>\n Contiene: 100ml.<br \/>\nG\u00e9nero: unisex<\/p>\n<p>&#8211; Notas principal: Pimienta negra, pi\u00f1a, tabaco.<\/p>\n<p>&#8211; Notas de coraz\u00f3n: Caf\u00e9, pachul\u00ed, iris.<br \/>\n&#8211; Notas de base: \u00c1mbar, vainilla, madera seca, benju\u00ed, l\u00e1dano.<\/p>","protected":false},"featured_media":16208,"template":"","meta":[],"product_brand":[],"product_cat":[1686],"product_tag":[],"class_list":{"0":"post-16209","1":"product","2":"type-product","3":"status-publish","4":"has-post-thumbnail","6":"product_cat-cosmetica","8":"first","9":"instock","10":"shipping-taxable","11":"purchasable","12":"product-type-simple"},"aioseo_notices":[],"jetpack_sharing_enabled":true,"_links":{"self":[{"href":"https:\/\/underhaus.com\/en\/wp-json\/wp\/v2\/product\/16209","targetHints":{"allow":["GET"]}}],"collection":[{"href":"https:\/\/underhaus.com\/en\/wp-json\/wp\/v2\/product"}],"about":[{"href":"https:\/\/underhaus.com\/en\/wp-json\/wp\/v2\/types\/product"}],"wp:featuredmedia":[{"embeddable":true,"href":"https:\/\/underhaus.com\/en\/wp-json\/wp\/v2\/media\/16208"}],"wp:attachment":[{"href":"https:\/\/underhaus.com\/en\/wp-json\/wp\/v2\/media?parent=16209"}],"wp:term":[{"taxonomy":"product_brand","embeddable":true,"href":"https:\/\/underhaus.com\/en\/wp-json\/wp\/v2\/product_brand?post=16209"},{"taxonomy":"product_cat","embeddable":true,"href":"https:\/\/underhaus.com\/en\/wp-json\/wp\/v2\/product_cat?post=16209"},{"taxonomy":"product_tag","embeddable":true,"href":"https:\/\/underhaus.com\/en\/wp-json\/wp\/v2\/product_tag?post=16209"}],"curies":[{"name":"wp","href":"https:\/\/api.w.org\/{rel}","templated":true}]}}