{"id":16203,"date":"2025-06-22T17:55:15","date_gmt":"2025-06-22T17:55:15","guid":{"rendered":"https:\/\/underhaus.com\/producto\/clipper-piedra-repuesto-pack-3\/"},"modified":"2026-04-28T00:00:13","modified_gmt":"2026-04-28T00:00:13","slug":"clipper-piedra-repuesto-pack-3","status":"publish","type":"product","link":"https:\/\/underhaus.com\/en\/product\/clipper-piedra-repuesto-pack-3\/","title":{"rendered":"Clipper Piedra Repuesto &#8211; Pack 3"},"content":{"rendered":"<p><span>Mant\u00e9n tu encendedor Clipper funcionando como nuevo con el Repuesto Piedra Encendedor. Dise\u00f1adas espec\u00edficamente para encendedores Clipper, estas piedras de alta calidad garantizan un encendido constante y fiable, permiti\u00e9ndote disfrutar de su uso prolongado y sin interrupciones.<\/span><\/p>","protected":false},"excerpt":{"rendered":"<p>Mant\u00e9n tu encendedor Clipper funcionando como nuevo con el Repuesto Piedra Encendedor. Dise\u00f1adas espec\u00edficamente para encendedores Clipper, estas piedras de alta calidad garantizan un encendido constante y fiable, permiti\u00e9ndote disfrutar de su uso prolongado y sin interrupciones.<\/p>","protected":false},"featured_media":16201,"template":"","meta":[],"product_brand":[],"product_cat":[199],"product_tag":[],"class_list":{"0":"post-16203","1":"product","2":"type-product","3":"status-publish","4":"has-post-thumbnail","6":"product_cat-tools","8":"first","9":"instock","10":"shipping-taxable","11":"purchasable","12":"product-type-simple"},"aioseo_notices":[],"jetpack_sharing_enabled":true,"_links":{"self":[{"href":"https:\/\/underhaus.com\/en\/wp-json\/wp\/v2\/product\/16203","targetHints":{"allow":["GET"]}}],"collection":[{"href":"https:\/\/underhaus.com\/en\/wp-json\/wp\/v2\/product"}],"about":[{"href":"https:\/\/underhaus.com\/en\/wp-json\/wp\/v2\/types\/product"}],"wp:featuredmedia":[{"embeddable":true,"href":"https:\/\/underhaus.com\/en\/wp-json\/wp\/v2\/media\/16201"}],"wp:attachment":[{"href":"https:\/\/underhaus.com\/en\/wp-json\/wp\/v2\/media?parent=16203"}],"wp:term":[{"taxonomy":"product_brand","embeddable":true,"href":"https:\/\/underhaus.com\/en\/wp-json\/wp\/v2\/product_brand?post=16203"},{"taxonomy":"product_cat","embeddable":true,"href":"https:\/\/underhaus.com\/en\/wp-json\/wp\/v2\/product_cat?post=16203"},{"taxonomy":"product_tag","embeddable":true,"href":"https:\/\/underhaus.com\/en\/wp-json\/wp\/v2\/product_tag?post=16203"}],"curies":[{"name":"wp","href":"https:\/\/api.w.org\/{rel}","templated":true}]}}