{"id":16191,"date":"2025-06-04T23:06:09","date_gmt":"2025-06-04T23:06:09","guid":{"rendered":"https:\/\/underhaus.com\/producto\/perfume-lattafa-khamrah-dukhan-100ml\/"},"modified":"2026-02-05T00:00:16","modified_gmt":"2026-02-05T00:00:16","slug":"perfume-lattafa-khamrah-dukhan-100ml","status":"publish","type":"product","link":"https:\/\/underhaus.com\/en\/product\/perfume-lattafa-khamrah-dukhan-100ml\/","title":{"rendered":"Perfume Lattafa Khamrah Dukhan 100ml"},"content":{"rendered":"<p>El perfume <span dir=\"ltr\" lang=\"es-MX\">Khamrah Dukhan<\/span><span dir=\"ltr\" lang=\"es-PY\"> <\/span><span dir=\"ltr\" lang=\"es-MX\">EDP de <\/span><span dir=\"ltr\" lang=\"es-PY\">Lattafa<\/span><span dir=\"ltr\" lang=\"es-MX\"> <\/span>es una fragancia de la familia olfativa <span dir=\"ltr\" lang=\"es-MX\">oriental especiada<\/span> para <span dir=\"ltr\" lang=\"es-MX\">hombres y mujeres<\/span>. <span dir=\"ltr\" lang=\"es-PY\">Con una concentraci\u00f3n tipo Eau de Parfum, ofrece una alta intensidad y durabilidad en la piel. Sus notas arom\u00e1ticas se componen de los siguientes ingredientes.<\/span><\/p>","protected":false},"excerpt":{"rendered":"<p>Notas de salida: Mandarina, pimiento, especias ahumadas<br \/>\nNotas de coraz\u00f3n: Cistus, flor de naranja, incienso, pachul\u00ed<br \/>\nNotas de fondo: Tabaco, \u00e1mbar, haba tonka, benju\u00ed, pralin\u00e9<br \/>\nGenero: unisex<br \/>\nContiene:100 ml<\/p>","protected":false},"featured_media":16189,"template":"","meta":[],"product_brand":[],"product_cat":[1686],"product_tag":[],"class_list":{"0":"post-16191","1":"product","2":"type-product","3":"status-publish","4":"has-post-thumbnail","6":"product_cat-cosmetica","8":"first","9":"instock","10":"shipping-taxable","11":"purchasable","12":"product-type-simple"},"aioseo_notices":[],"jetpack_sharing_enabled":true,"_links":{"self":[{"href":"https:\/\/underhaus.com\/en\/wp-json\/wp\/v2\/product\/16191","targetHints":{"allow":["GET"]}}],"collection":[{"href":"https:\/\/underhaus.com\/en\/wp-json\/wp\/v2\/product"}],"about":[{"href":"https:\/\/underhaus.com\/en\/wp-json\/wp\/v2\/types\/product"}],"wp:featuredmedia":[{"embeddable":true,"href":"https:\/\/underhaus.com\/en\/wp-json\/wp\/v2\/media\/16189"}],"wp:attachment":[{"href":"https:\/\/underhaus.com\/en\/wp-json\/wp\/v2\/media?parent=16191"}],"wp:term":[{"taxonomy":"product_brand","embeddable":true,"href":"https:\/\/underhaus.com\/en\/wp-json\/wp\/v2\/product_brand?post=16191"},{"taxonomy":"product_cat","embeddable":true,"href":"https:\/\/underhaus.com\/en\/wp-json\/wp\/v2\/product_cat?post=16191"},{"taxonomy":"product_tag","embeddable":true,"href":"https:\/\/underhaus.com\/en\/wp-json\/wp\/v2\/product_tag?post=16191"}],"curies":[{"name":"wp","href":"https:\/\/api.w.org\/{rel}","templated":true}]}}