{"id":16183,"date":"2025-06-04T18:21:08","date_gmt":"2025-06-04T18:21:08","guid":{"rendered":"https:\/\/underhaus.com\/producto\/rasasi-hawas-ice-100ml\/"},"modified":"2026-04-24T00:00:14","modified_gmt":"2026-04-24T00:00:14","slug":"rasasi-hawas-ice-100ml","status":"publish","type":"product","link":"https:\/\/underhaus.com\/en\/product\/rasasi-hawas-ice-100ml\/","title":{"rendered":"Perfume Rasasi Hawas Ice 100ml"},"content":{"rendered":"<p><span>Rasasi Inspirada en la belleza ex\u00f3tica y la sofisticaci\u00f3n del Medio Oriente, esta fragancia cautiva con su opulenta mezcla de notas especiadas, florales y amaderadas. Desde las notas de salida que despiertan los sentidos con su exuberancia arom\u00e1tica, hasta las notas de fondo profundas que dejan una estela duradera de sensualidad y misterio. Con su aroma distintivo y su aura de elegancia, este perfume es m\u00e1s que una fragancia; Es una declaraci\u00f3n de estilo y refinamiento para quienes valoran la belleza y la tradici\u00f3n del Medio Oriente<\/span><\/p>","protected":false},"excerpt":{"rendered":"<p>&#8211; Notas de salida: Bergamota, manzana, canela, lim\u00f3n.<br \/>\n&#8211; Notas de coraz\u00f3n: Notas acuosas, ciruela, flor de azahar, cardamomo.<br \/>\n&#8211; Notas de fondo: \u00e1mbar gris, almizcle, madera flotante, pachul\u00ed.<br \/>\n&#8211; Contiene: 100ml.<br \/>\n&#8211; G\u00e9nero: Masculino<\/p>","protected":false},"featured_media":16184,"template":"","meta":[],"product_brand":[],"product_cat":[1686],"product_tag":[],"class_list":{"0":"post-16183","1":"product","2":"type-product","3":"status-publish","4":"has-post-thumbnail","6":"product_cat-cosmetica","8":"first","9":"instock","10":"shipping-taxable","11":"purchasable","12":"product-type-simple"},"aioseo_notices":[],"jetpack_sharing_enabled":true,"_links":{"self":[{"href":"https:\/\/underhaus.com\/en\/wp-json\/wp\/v2\/product\/16183","targetHints":{"allow":["GET"]}}],"collection":[{"href":"https:\/\/underhaus.com\/en\/wp-json\/wp\/v2\/product"}],"about":[{"href":"https:\/\/underhaus.com\/en\/wp-json\/wp\/v2\/types\/product"}],"wp:featuredmedia":[{"embeddable":true,"href":"https:\/\/underhaus.com\/en\/wp-json\/wp\/v2\/media\/16184"}],"wp:attachment":[{"href":"https:\/\/underhaus.com\/en\/wp-json\/wp\/v2\/media?parent=16183"}],"wp:term":[{"taxonomy":"product_brand","embeddable":true,"href":"https:\/\/underhaus.com\/en\/wp-json\/wp\/v2\/product_brand?post=16183"},{"taxonomy":"product_cat","embeddable":true,"href":"https:\/\/underhaus.com\/en\/wp-json\/wp\/v2\/product_cat?post=16183"},{"taxonomy":"product_tag","embeddable":true,"href":"https:\/\/underhaus.com\/en\/wp-json\/wp\/v2\/product_tag?post=16183"}],"curies":[{"name":"wp","href":"https:\/\/api.w.org\/{rel}","templated":true}]}}