{"id":16139,"date":"2025-05-18T19:49:59","date_gmt":"2025-05-18T19:49:59","guid":{"rendered":"https:\/\/underhaus.com\/producto\/perfume-lattafa-ramz-gold-eau-de-parfum-100ml\/"},"modified":"2026-03-13T00:00:17","modified_gmt":"2026-03-13T00:00:17","slug":"perfume-lattafa-ramz-gold-eau-de-parfum-100ml","status":"publish","type":"product","link":"https:\/\/underhaus.com\/en\/product\/perfume-lattafa-ramz-gold-eau-de-parfum-100ml\/","title":{"rendered":"Perfume Lattafa Ramz Gold Eau de Parfum 100ml"},"content":{"rendered":"<p><span>Perfume Ramz Gold Eau de Parfum de Lattafa es un perfume oriental, dulce y picante para mujeres y hombres.<\/span><\/p>\n<p style=\"margin-left:0px\">\u00a0<\/p>","protected":false},"excerpt":{"rendered":"<p>Notas de Salida: bergamota, manzana y pi\u00f1a<br \/>\nNotas medias: s\u00e1ndalo, madera de guayaco, jazm\u00edn y pachul\u00ed<br \/>\nNotas de Fondo: Vainilla, \u00c1mbar, Almizcle, Oudh e Ylang-Ylang<br \/>\nGenero: unisex<br \/>\ncontenido: 100 ml<\/p>","protected":false},"featured_media":16137,"template":"","meta":[],"product_brand":[],"product_cat":[1686],"product_tag":[],"class_list":{"0":"post-16139","1":"product","2":"type-product","3":"status-publish","4":"has-post-thumbnail","6":"product_cat-cosmetica","8":"first","9":"instock","10":"shipping-taxable","11":"purchasable","12":"product-type-simple"},"aioseo_notices":[],"jetpack_sharing_enabled":true,"_links":{"self":[{"href":"https:\/\/underhaus.com\/en\/wp-json\/wp\/v2\/product\/16139","targetHints":{"allow":["GET"]}}],"collection":[{"href":"https:\/\/underhaus.com\/en\/wp-json\/wp\/v2\/product"}],"about":[{"href":"https:\/\/underhaus.com\/en\/wp-json\/wp\/v2\/types\/product"}],"wp:featuredmedia":[{"embeddable":true,"href":"https:\/\/underhaus.com\/en\/wp-json\/wp\/v2\/media\/16137"}],"wp:attachment":[{"href":"https:\/\/underhaus.com\/en\/wp-json\/wp\/v2\/media?parent=16139"}],"wp:term":[{"taxonomy":"product_brand","embeddable":true,"href":"https:\/\/underhaus.com\/en\/wp-json\/wp\/v2\/product_brand?post=16139"},{"taxonomy":"product_cat","embeddable":true,"href":"https:\/\/underhaus.com\/en\/wp-json\/wp\/v2\/product_cat?post=16139"},{"taxonomy":"product_tag","embeddable":true,"href":"https:\/\/underhaus.com\/en\/wp-json\/wp\/v2\/product_tag?post=16139"}],"curies":[{"name":"wp","href":"https:\/\/api.w.org\/{rel}","templated":true}]}}