{"id":16095,"date":"2025-05-06T21:06:42","date_gmt":"2025-05-06T21:06:42","guid":{"rendered":"https:\/\/underhaus.com\/producto\/perfume-lattafa-mayar-cherry-intense-100ml\/"},"modified":"2025-12-25T00:00:17","modified_gmt":"2025-12-25T00:00:17","slug":"perfume-lattafa-mayar-cherry-intense-100ml","status":"publish","type":"product","link":"https:\/\/underhaus.com\/en\/product\/perfume-lattafa-mayar-cherry-intense-100ml\/","title":{"rendered":"Perfume Lattafa Mayar Cherry Intense 100ml"},"content":{"rendered":"<p><span>El perfume Lattafa Mayar Cherry Intense es una fragancia de la familia olfativa<\/span><span> f<\/span><span><span lang=\"es-MX\" dir=\"ltr\">loral frutal <\/span>para mujeres. <\/span><span>Con una concentraci\u00f3n del tipo Eau de Parfum, ofrece una duradera y alta intensidad arom\u00e1tica en la piel. Sus notas est\u00e1n compuestas por los siguientes ingredientes.<\/span><\/p>","protected":false},"excerpt":{"rendered":"<p>Notas de salida: Cereza jugosa y notas frutales<br \/>\nNotas de coraz\u00f3n: Bouquet floral con matices especiados<br \/>\nNotas de fondo: Maderas c\u00e1lidas y almizcle.<\/p>","protected":false},"featured_media":16093,"template":"","meta":[],"product_brand":[],"product_cat":[1686],"product_tag":[],"class_list":{"0":"post-16095","1":"product","2":"type-product","3":"status-publish","4":"has-post-thumbnail","6":"product_cat-cosmetica","8":"first","9":"instock","10":"shipping-taxable","11":"purchasable","12":"product-type-simple"},"aioseo_notices":[],"jetpack_sharing_enabled":true,"_links":{"self":[{"href":"https:\/\/underhaus.com\/en\/wp-json\/wp\/v2\/product\/16095","targetHints":{"allow":["GET"]}}],"collection":[{"href":"https:\/\/underhaus.com\/en\/wp-json\/wp\/v2\/product"}],"about":[{"href":"https:\/\/underhaus.com\/en\/wp-json\/wp\/v2\/types\/product"}],"wp:featuredmedia":[{"embeddable":true,"href":"https:\/\/underhaus.com\/en\/wp-json\/wp\/v2\/media\/16093"}],"wp:attachment":[{"href":"https:\/\/underhaus.com\/en\/wp-json\/wp\/v2\/media?parent=16095"}],"wp:term":[{"taxonomy":"product_brand","embeddable":true,"href":"https:\/\/underhaus.com\/en\/wp-json\/wp\/v2\/product_brand?post=16095"},{"taxonomy":"product_cat","embeddable":true,"href":"https:\/\/underhaus.com\/en\/wp-json\/wp\/v2\/product_cat?post=16095"},{"taxonomy":"product_tag","embeddable":true,"href":"https:\/\/underhaus.com\/en\/wp-json\/wp\/v2\/product_tag?post=16095"}],"curies":[{"name":"wp","href":"https:\/\/api.w.org\/{rel}","templated":true}]}}