{"id":16046,"date":"2025-04-26T20:27:22","date_gmt":"2025-04-26T20:27:22","guid":{"rendered":"https:\/\/underhaus.com\/producto\/perfume-afnan-rare-tiffany-100ml-fem\/"},"modified":"2025-06-02T14:19:36","modified_gmt":"2025-06-02T14:19:36","slug":"perfume-afnan-rare-tiffany-100ml-fem","status":"publish","type":"product","link":"https:\/\/underhaus.com\/en\/product\/perfume-afnan-rare-tiffany-100ml-fem\/","title":{"rendered":"Perfume Afnan Rare Tiffany 100ml Fem"},"content":{"rendered":"<p>Rare Tiffany de Afnan es una fragancia de la familia olfativa \u00c1mbar Floral, dise\u00f1ada para mujeres. Sus notas de salida incluyen ylang-ylang, jazm\u00edn y rosa, que aportan un toque floral y elegante. En el coraz\u00f3n, destacan el almizcle, el s\u00e1ndalo y la vainilla, ofreciendo una calidez envolvente. Finalmente, las notas de fondo de jengibre, pimienta rosa y caramelo a\u00f1aden un toque especiado y dulce<\/p>","protected":false},"excerpt":{"rendered":"<p>Notas de Salida: Rosa, Jazm\u00edn, Ylang-Ylang<br \/>\nNotas medias: s\u00e1ndalo, vainilla, almizcle<br \/>\nNota de Fondo: Caramelo, Jengibre, Pimienta Rosa<br \/>\nGenero: femenino<br \/>\nContenido: 100ml<\/p>","protected":false},"featured_media":16044,"template":"","meta":[],"product_brand":[],"product_cat":[1686],"product_tag":[],"class_list":{"0":"post-16046","1":"product","2":"type-product","3":"status-publish","4":"has-post-thumbnail","6":"product_cat-cosmetica","8":"first","9":"instock","10":"shipping-taxable","11":"purchasable","12":"product-type-simple"},"aioseo_notices":[],"jetpack_sharing_enabled":true,"_links":{"self":[{"href":"https:\/\/underhaus.com\/en\/wp-json\/wp\/v2\/product\/16046","targetHints":{"allow":["GET"]}}],"collection":[{"href":"https:\/\/underhaus.com\/en\/wp-json\/wp\/v2\/product"}],"about":[{"href":"https:\/\/underhaus.com\/en\/wp-json\/wp\/v2\/types\/product"}],"wp:featuredmedia":[{"embeddable":true,"href":"https:\/\/underhaus.com\/en\/wp-json\/wp\/v2\/media\/16044"}],"wp:attachment":[{"href":"https:\/\/underhaus.com\/en\/wp-json\/wp\/v2\/media?parent=16046"}],"wp:term":[{"taxonomy":"product_brand","embeddable":true,"href":"https:\/\/underhaus.com\/en\/wp-json\/wp\/v2\/product_brand?post=16046"},{"taxonomy":"product_cat","embeddable":true,"href":"https:\/\/underhaus.com\/en\/wp-json\/wp\/v2\/product_cat?post=16046"},{"taxonomy":"product_tag","embeddable":true,"href":"https:\/\/underhaus.com\/en\/wp-json\/wp\/v2\/product_tag?post=16046"}],"curies":[{"name":"wp","href":"https:\/\/api.w.org\/{rel}","templated":true}]}}