{"id":15954,"date":"2025-04-04T18:51:48","date_gmt":"2025-04-04T18:51:48","guid":{"rendered":"https:\/\/underhaus.com\/producto\/perfume-lattafa-hayaati-florence-eau-de-parfum-100ml\/"},"modified":"2026-04-24T00:00:13","modified_gmt":"2026-04-24T00:00:13","slug":"perfume-lattafa-hayaati-florence-eau-de-parfum-100ml","status":"publish","type":"product","link":"https:\/\/underhaus.com\/en\/product\/perfume-lattafa-hayaati-florence-eau-de-parfum-100ml\/","title":{"rendered":"Perfume Lattafa Hayaati Florence Eau de Parfum 100ml"},"content":{"rendered":"<p style=\"margin-left:0px\"><span>Hayaati Florence es <\/span>una fragancia elegante y femenina que mezcla notas florales y dulces con toques c\u00edtricos frescos y almizclados. La fragancia abre con una chispa c\u00edtrica, dominada por la frescura jugosa y ligeramente amarga de la toronja rosa, que aporta una sensaci\u00f3n vibrante y revitalizante.<\/p>","protected":false},"excerpt":{"rendered":"<p>-Notas de Salida: Lichi, Toronja, Corriente Roja<br \/>\n-Notas medias: Rosa, Melocot\u00f3n, Madera de cedro<br \/>\n-Notas de Fondo: Florales, Almizcle, \u00c1mbar<br \/>\n-Genero: femenino<br \/>\nAdecuado para el uso diario<\/p>","protected":false},"featured_media":15965,"template":"","meta":[],"product_brand":[],"product_cat":[1686],"product_tag":[],"class_list":{"0":"post-15954","1":"product","2":"type-product","3":"status-publish","4":"has-post-thumbnail","6":"product_cat-cosmetica","8":"first","9":"instock","10":"shipping-taxable","11":"purchasable","12":"product-type-simple"},"aioseo_notices":[],"jetpack_sharing_enabled":true,"_links":{"self":[{"href":"https:\/\/underhaus.com\/en\/wp-json\/wp\/v2\/product\/15954","targetHints":{"allow":["GET"]}}],"collection":[{"href":"https:\/\/underhaus.com\/en\/wp-json\/wp\/v2\/product"}],"about":[{"href":"https:\/\/underhaus.com\/en\/wp-json\/wp\/v2\/types\/product"}],"wp:featuredmedia":[{"embeddable":true,"href":"https:\/\/underhaus.com\/en\/wp-json\/wp\/v2\/media\/15965"}],"wp:attachment":[{"href":"https:\/\/underhaus.com\/en\/wp-json\/wp\/v2\/media?parent=15954"}],"wp:term":[{"taxonomy":"product_brand","embeddable":true,"href":"https:\/\/underhaus.com\/en\/wp-json\/wp\/v2\/product_brand?post=15954"},{"taxonomy":"product_cat","embeddable":true,"href":"https:\/\/underhaus.com\/en\/wp-json\/wp\/v2\/product_cat?post=15954"},{"taxonomy":"product_tag","embeddable":true,"href":"https:\/\/underhaus.com\/en\/wp-json\/wp\/v2\/product_tag?post=15954"}],"curies":[{"name":"wp","href":"https:\/\/api.w.org\/{rel}","templated":true}]}}